{"id":299793,"date":"2026-03-24T15:16:10","date_gmt":"2026-03-24T14:16:10","guid":{"rendered":"https:\/\/sundsits.com\/elo-edge-connect-scanner-fuer-elopay-22\/"},"modified":"2026-05-13T07:12:05","modified_gmt":"2026-05-13T05:12:05","slug":"elo-edge-connect-scanner-fuer-elopay-22","status":"publish","type":"product","link":"https:\/\/sundsits.com\/en\/elo-edge-connect-scanner-fuer-elopay-22\/","title":{"rendered":"Elo Edge Connect Scanner f\u00fcr EloPay 22&#8243;"},"content":{"rendered":"<p>Verbessern Sie Self-Service-Anwendungen und Preisabfragesysteme &#8211; mit dem Elo Edge Connect 2D-Barcodescanner.<br \/>\nDieses schnelle Freihandger\u00e4t erm\u00f6glicht das schnelle und genaue Scannen von Barcodes, einschlie\u00dflich linearer Barcodes und QR-Codes.<br \/>\nDer Scanner liefert schnelle und zuverl\u00e4ssige Ergebnisse &#8211; unabh\u00e4ngig davon, ob sich der Barcode auf Papier oder einem<br \/>\nmobilen Bildschirm befindet oder auf ein Produkt ge\u00e4tzt wurde.<\/p>\n<p>Technische Daten:<\/p>\n<p>Elo Edge Connect, USB, 2D Barcode Scanner, SE4107<\/p>\n","protected":false},"excerpt":{"rendered":"<p>Verbessern Sie Self-Service-Anwendungen und Preisabfragesysteme &#8211; mit dem Elo Edge Connect 2D-Barcodescanner. Dieses schnelle Freihandger\u00e4t erm\u00f6glicht das schnelle und genaue Scannen von Barcodes, einschlie\u00dflich linearer Barcodes und QR-Codes. Der Scanner liefert schnelle und zuverl\u00e4ssige Ergebnisse &#8211; unabh\u00e4ngig davon, ob sich der Barcode auf Papier oder einem mobilen Bildschirm befindet oder auf ein Produkt ge\u00e4tzt wurde. [&hellip;]<\/p>\n","protected":false},"featured_media":299794,"template":"","meta":{"_angie_page":false},"product_brand":[],"product_cat":[894],"product_tag":[],"class_list":{"0":"post-299793","1":"product","2":"type-product","3":"status-publish","4":"has-post-thumbnail","6":"product_cat-kiosksysteme-laden-pos","7":"product_shipping_class-standard","8":"tm-no-options","10":"first","11":"instock","12":"taxable","13":"shipping-taxable","14":"purchasable","15":"product-type-simple"},"group_of_quantity":0,"min_quantity":0,"max_quantity":"","exclude_order_quantity_value_rules":"no","exclude_category_quantity_rules":"no","combine_variations":"no","_links":{"self":[{"href":"https:\/\/sundsits.com\/en\/wp-json\/wp\/v2\/product\/299793","targetHints":{"allow":["GET"]}}],"collection":[{"href":"https:\/\/sundsits.com\/en\/wp-json\/wp\/v2\/product"}],"about":[{"href":"https:\/\/sundsits.com\/en\/wp-json\/wp\/v2\/types\/product"}],"wp:featuredmedia":[{"embeddable":true,"href":"https:\/\/sundsits.com\/en\/wp-json\/wp\/v2\/media\/299794"}],"wp:attachment":[{"href":"https:\/\/sundsits.com\/en\/wp-json\/wp\/v2\/media?parent=299793"}],"wp:term":[{"taxonomy":"product_brand","embeddable":true,"href":"https:\/\/sundsits.com\/en\/wp-json\/wp\/v2\/product_brand?post=299793"},{"taxonomy":"product_cat","embeddable":true,"href":"https:\/\/sundsits.com\/en\/wp-json\/wp\/v2\/product_cat?post=299793"},{"taxonomy":"product_tag","embeddable":true,"href":"https:\/\/sundsits.com\/en\/wp-json\/wp\/v2\/product_tag?post=299793"}],"curies":[{"name":"wp","href":"https:\/\/api.w.org\/{rel}","templated":true}]}}