{"id":272093,"date":"2024-06-14T12:09:04","date_gmt":"2024-06-14T10:09:04","guid":{"rendered":"https:\/\/www.sundsits.de\/produkt\/cashdro7\/"},"modified":"2025-03-13T14:56:33","modified_gmt":"2025-03-13T13:56:33","slug":"cashdro7","status":"publish","type":"product","link":"https:\/\/sundsits.com\/en\/cashdro7\/","title":{"rendered":"CashDro7"},"content":{"rendered":"<p>Sicheres Bargeldmanagement<\/p>\n<p>CashDro bietet eine effiziente Zahlungsverwaltung mit der Eingabe und R\u00fcckgabe von Banknoten als B\u00fcndel und der Verwaltung des Bargeldstatus in Echtzeit. Es reduziert die Bearbeitungszeit beim Kassiervorgang, erkennt Falschgeld automatisch und gibt zugef\u00fchrte Banknoten nach Abbruch zur\u00fcck. Das System garantiert Lebensmittelhygiene, verbessert Kundenservice und Produktivit\u00e4t und verhindert Diskrepanzen beim Wechseln. Es ist die ideale L\u00f6sung f\u00fcr Unternehmen mit hohen Anspr\u00fcchen.<\/p>\n<p>&nbsp;<\/p>\n<p>7\u201d Touchscreen zur Benutzerf\u00fchrung<\/p>\n<p>Einwurfbeh\u00e4lter f\u00fcr gr\u00f6\u00dfere M\u00fcnzmengen<\/p>\n<p>4 mm starkes Stahlblech<\/p>\n<p>Eingabefach f\u00fcr die synchrone Einzahlung und Pr\u00fcfung mehrerer Banknoten sowie Ausgabe f\u00fcr mehrere Banknoten gleichzeitig<\/p>\n<p>M\u00fcnzr\u00fcckgabe<\/p>\n<p>Anti-Hebel-System<\/p>\n","protected":false},"excerpt":{"rendered":"<p>CashDro7<\/p>\n","protected":false},"featured_media":275662,"template":"","meta":[],"product_brand":[],"product_cat":[1047],"product_tag":[],"class_list":{"0":"post-272093","1":"product","2":"type-product","3":"status-publish","4":"has-post-thumbnail","6":"product_cat-bargeldsysteme","7":"product_shipping_class-standard","8":"tm-no-options","10":"first","11":"instock","12":"taxable","13":"shipping-taxable","14":"purchasable","15":"product-type-simple"},"group_of_quantity":0,"min_quantity":0,"max_quantity":"","exclude_order_quantity_value_rules":"no","exclude_category_quantity_rules":"no","combine_variations":"no","_links":{"self":[{"href":"https:\/\/sundsits.com\/en\/wp-json\/wp\/v2\/product\/272093","targetHints":{"allow":["GET"]}}],"collection":[{"href":"https:\/\/sundsits.com\/en\/wp-json\/wp\/v2\/product"}],"about":[{"href":"https:\/\/sundsits.com\/en\/wp-json\/wp\/v2\/types\/product"}],"wp:featuredmedia":[{"embeddable":true,"href":"https:\/\/sundsits.com\/en\/wp-json\/wp\/v2\/media\/275662"}],"wp:attachment":[{"href":"https:\/\/sundsits.com\/en\/wp-json\/wp\/v2\/media?parent=272093"}],"wp:term":[{"taxonomy":"product_brand","embeddable":true,"href":"https:\/\/sundsits.com\/en\/wp-json\/wp\/v2\/product_brand?post=272093"},{"taxonomy":"product_cat","embeddable":true,"href":"https:\/\/sundsits.com\/en\/wp-json\/wp\/v2\/product_cat?post=272093"},{"taxonomy":"product_tag","embeddable":true,"href":"https:\/\/sundsits.com\/en\/wp-json\/wp\/v2\/product_tag?post=272093"}],"curies":[{"name":"wp","href":"https:\/\/api.w.org\/{rel}","templated":true}]}}