{"id":272092,"date":"2024-06-14T12:05:34","date_gmt":"2024-06-14T10:05:34","guid":{"rendered":"https:\/\/www.sundsits.de\/produkt\/cashdro5\/"},"modified":"2025-03-13T14:58:11","modified_gmt":"2025-03-13T13:58:11","slug":"cashdro5","status":"publish","type":"product","link":"https:\/\/sundsits.com\/en\/cashdro5\/","title":{"rendered":"CashDro5"},"content":{"rendered":"<p>Sicheres Bargeldmanagement<\/p>\n<p>CashDro bietet eine einfache Zahlungsverwaltung und ist der sicherste und vielseitigste auf dem Markt. Es erkennt Falschgeld automatisch, verwaltet den Bargeldstatus in Echtzeit (remote) und garantiert Lebensmittelhygiene. Mit der Escrow-Funktion k\u00f6nnen zugef\u00fchrte Banknoten nach Abbruch zur\u00fcckgegeben werden, und das R\u00fcckgeld wird als B\u00fcndel ausgegeben. Das System verbessert den Kundenservice und die Produktivit\u00e4t und erm\u00f6glicht einen Kassenabschluss ohne Abweichungen.<\/p>\n<p>&nbsp;<\/p>\n<p>7\u2019\u2019 touchscreen f\u00fcr den Benutzer<\/p>\n<p>M\u00fcnzeinwurfbeh\u00e4lter<\/p>\n<p>4mm Stahlblech<\/p>\n<p>Akzeptiert und \u00fcberpr\u00fcft Banknoten<\/p>\n<p>Anti-Hebel-System<\/p>\n<p>Ausgabe von Banknoten in B\u00fcndeln<\/p>\n<p>Verankerungssytem<\/p>\n","protected":false},"excerpt":{"rendered":"<p>CashDro5<\/p>\n","protected":false},"featured_media":275661,"template":"","meta":[],"product_brand":[],"product_cat":[1047],"product_tag":[],"class_list":{"0":"post-272092","1":"product","2":"type-product","3":"status-publish","4":"has-post-thumbnail","6":"product_cat-bargeldsysteme","7":"product_shipping_class-standard","8":"tm-no-options","10":"first","11":"instock","12":"taxable","13":"shipping-taxable","14":"purchasable","15":"product-type-simple"},"group_of_quantity":0,"min_quantity":0,"max_quantity":"","exclude_order_quantity_value_rules":"no","exclude_category_quantity_rules":"no","combine_variations":"no","_links":{"self":[{"href":"https:\/\/sundsits.com\/en\/wp-json\/wp\/v2\/product\/272092","targetHints":{"allow":["GET"]}}],"collection":[{"href":"https:\/\/sundsits.com\/en\/wp-json\/wp\/v2\/product"}],"about":[{"href":"https:\/\/sundsits.com\/en\/wp-json\/wp\/v2\/types\/product"}],"wp:featuredmedia":[{"embeddable":true,"href":"https:\/\/sundsits.com\/en\/wp-json\/wp\/v2\/media\/275661"}],"wp:attachment":[{"href":"https:\/\/sundsits.com\/en\/wp-json\/wp\/v2\/media?parent=272092"}],"wp:term":[{"taxonomy":"product_brand","embeddable":true,"href":"https:\/\/sundsits.com\/en\/wp-json\/wp\/v2\/product_brand?post=272092"},{"taxonomy":"product_cat","embeddable":true,"href":"https:\/\/sundsits.com\/en\/wp-json\/wp\/v2\/product_cat?post=272092"},{"taxonomy":"product_tag","embeddable":true,"href":"https:\/\/sundsits.com\/en\/wp-json\/wp\/v2\/product_tag?post=272092"}],"curies":[{"name":"wp","href":"https:\/\/api.w.org\/{rel}","templated":true}]}}