{"id":271642,"date":"2024-07-26T10:44:10","date_gmt":"2024-07-26T08:44:10","guid":{"rendered":"https:\/\/www.sundsits.de\/produkt\/sunmi-4-fach-akku-ladegeraet-fuer-l2s-l2s-pro-l2k-l2ks-und-l2h\/"},"modified":"2025-03-13T14:53:33","modified_gmt":"2025-03-13T13:53:33","slug":"sunmi-4-fach-akku-ladegeraet-fuer-l2s-l2s-pro-l2k-l2ks-und-l2h","status":"publish","type":"product","link":"https:\/\/sundsits.com\/en\/sunmi-4-fach-akku-ladegeraet-fuer-l2s-l2s-pro-l2k-l2ks-und-l2h\/","title":{"rendered":"Sunmi 4-fach Akku-Ladeger\u00e4t f\u00fcr L2s, L2s PRO, L2k, L2Ks und L2H"},"content":{"rendered":"<p>Verbessern Sie Ihre Betriebsabl\u00e4ufe und halten Sie Ihre Ger\u00e4te immer einsatzbereit mit dem Sunmi 4-fach Akku-Ladeger\u00e4t, das speziell entwickelt wurde f\u00fcr Modelle wie L2s, L2s PRO, L2k, L2Ks und L2H. Dieses leistungsstarke Ladeger\u00e4t bietet Ihnen die M\u00f6glichkeit, bis zu vier Akkus gleichzeitig aufzuladen, was Ihre Effizienz steigert und Ausfallzeiten minimiert.<\/p>\n<p>Das Sunmi 4-fach Akku-Ladeger\u00e4t zeichnet sich durch h\u00f6chste Zuverl\u00e4ssigkeit und eine benutzerfreundliche Handhabung aus. Mit klaren LED-Anzeigen f\u00fcr jeden Ladeanschluss, behalten Sie stets den \u00dcberblick \u00fcber den Ladezustand Ihrer Akkus. Dank der fortschrittlichen Ladetechnologie wird eine gleichm\u00e4\u00dfige und schonende Aufladung der Akkus gew\u00e4hrleistet, was deren Lebensdauer verl\u00e4ngert und ihre Leistungsf\u00e4higkeit optimiert.<\/p>\n<p>Bitte beachten Sie, dass f\u00fcr die Modelle L2s und L2k ein gleichzeitiges Aufladen der Akkus nicht m\u00f6glich ist. Dies stellt jedoch sicher, dass jeder Akku individuell die optimale Ladeleistung erh\u00e4lt.<\/p>\n<p>Das hochwertige Design des Ladeger\u00e4ts besticht nicht nur durch seine Robustheit, sondern auch durch seine Kompaktheit, die es ideal f\u00fcr den Einsatz in unterschiedlichen Arbeitsumgebungen macht. Ob im Einzelhandel, in der Logistik oder im Dienstleistungssektor \u2013 mit diesem Ladeger\u00e4t sind Ihre Mitarbeiter stets mit vollen Akkus ausgestattet und k\u00f6nnen ihre Aufgaben ohne Unterbrechungen erf\u00fcllen.<\/p>\n<p>Vertrauen Sie auf Sunmi, einen f\u00fchrenden Anbieter von technologischen L\u00f6sungen, und investieren Sie in das Sunmi 4-fach Akku-Ladeger\u00e4t, um den Betrieb Ihrer Ger\u00e4te zu optimieren und Ihre Arbeitsabl\u00e4ufe noch effizienter zu gestalten.<\/p>\n<p>Technische Daten: 4-fach Akku-Ladeger\u00e4t f\u00fcr L2s, L2s PRO, L2k, L2Ks und L2H<br \/>\nAchtung!:Akkus f\u00fcr L2s und L2k d\u00fcrfen nicht zeitgleich geladen werden!<\/p>\n","protected":false},"excerpt":{"rendered":"<p>Verbessern Sie Ihre Betriebsabl\u00e4ufe und halten Sie Ihre Ger\u00e4te immer einsatzbereit mit dem Sunmi 4-fach Akku-Ladeger\u00e4t, das speziell entwickelt wurde f\u00fcr Modelle wie L2s, L2s PRO, L2k, L2Ks und L2H. Dieses leistungsstarke Ladeger\u00e4t bietet Ihnen die M\u00f6glichkeit, bis zu vier Akkus gleichzeitig aufzuladen, was Ihre Effizienz steigert und Ausfallzeiten minimiert. Das Sunmi 4-fach Akku-Ladeger\u00e4t zeichnet [&hellip;]<\/p>\n","protected":false},"featured_media":275679,"template":"","meta":{"_angie_page":false},"product_brand":[],"product_cat":[713],"product_tag":[],"class_list":{"0":"post-271642","1":"product","2":"type-product","3":"status-publish","4":"has-post-thumbnail","6":"product_cat-unkategorisiert","7":"product_shipping_class-standard","8":"tm-no-options","10":"first","11":"outofstock","12":"taxable","13":"shipping-taxable","14":"purchasable","15":"product-type-simple"},"group_of_quantity":0,"min_quantity":0,"max_quantity":"","exclude_order_quantity_value_rules":"no","exclude_category_quantity_rules":"no","combine_variations":"no","_links":{"self":[{"href":"https:\/\/sundsits.com\/en\/wp-json\/wp\/v2\/product\/271642","targetHints":{"allow":["GET"]}}],"collection":[{"href":"https:\/\/sundsits.com\/en\/wp-json\/wp\/v2\/product"}],"about":[{"href":"https:\/\/sundsits.com\/en\/wp-json\/wp\/v2\/types\/product"}],"wp:featuredmedia":[{"embeddable":true,"href":"https:\/\/sundsits.com\/en\/wp-json\/wp\/v2\/media\/275679"}],"wp:attachment":[{"href":"https:\/\/sundsits.com\/en\/wp-json\/wp\/v2\/media?parent=271642"}],"wp:term":[{"taxonomy":"product_brand","embeddable":true,"href":"https:\/\/sundsits.com\/en\/wp-json\/wp\/v2\/product_brand?post=271642"},{"taxonomy":"product_cat","embeddable":true,"href":"https:\/\/sundsits.com\/en\/wp-json\/wp\/v2\/product_cat?post=271642"},{"taxonomy":"product_tag","embeddable":true,"href":"https:\/\/sundsits.com\/en\/wp-json\/wp\/v2\/product_tag?post=271642"}],"curies":[{"name":"wp","href":"https:\/\/api.w.org\/{rel}","templated":true}]}}