{"id":271569,"date":"2024-07-17T15:23:53","date_gmt":"2024-07-17T13:23:53","guid":{"rendered":"https:\/\/www.sundsits.de\/produkt\/tablet-pc-durabook-u11i-g3\/"},"modified":"2025-06-03T12:17:13","modified_gmt":"2025-06-03T10:17:13","slug":"tablet-pc-durabook-u11i-g3","status":"publish","type":"product","link":"https:\/\/sundsits.com\/en\/tablet-pc-durabook-u11i-g3\/","title":{"rendered":"Tablet PC Durabook U11I &#8211; G3"},"content":{"rendered":"<p style=\"margin: 0in; font-family: Calibri; font-size: 11pt;\">Prozessor: Intel\u00ae Core\u2122 i5-1230U<\/p>\n<p style=\"margin: 0in; font-family: Calibri; font-size: 11pt;\">(2x bis zu 4,40 GHz(Performance), 8x bis 3,30 GHz(Efficient) mit Intel\u00ae<\/p>\n<p style=\"margin: 0in; font-family: Calibri; font-size: 11pt;\">Turbo-Boost-Max-Technik, Intel\u00ae Iris\u00ae Xe Graphics, 12M Cache)<\/p>\n<p style=\"margin: 0in; font-family: Calibri; font-size: 11pt;\">Betriebssystem: Windows\u00ae 11 Pro 64-bit<\/p>\n<p style=\"margin: 0in; font-family: Calibri; font-size: 11pt;\">Displaygr\u00f6\u00dfe: 11,6&#8243; (29,46 cm)<\/p>\n<p style=\"margin: 0in; font-family: Calibri; font-size: 11pt;\">Aufl\u00f6sung: 1.920 x 1.080 Pixel (FHD)<\/p>\n<p style=\"margin: 0in; font-family: Calibri; font-size: 11pt;\">Touchscreen: kapazitiv<\/p>\n<p style=\"margin: 0in; font-family: Calibri; font-size: 11pt;\">Touch-Bedienung: Multi-Touch<\/p>\n<p style=\"margin: 0in; font-family: Calibri; font-size: 11pt;\">Grafik: Intel\u00ae Iris\u00ae Xe Grafik<\/p>\n<p style=\"margin: 0in; font-family: Calibri; font-size: 11pt;\">Arbeitsspeicher (fest verl\u00f6tet): <strong>Je nach Konfiguration <\/strong>8 GB LPDDR4 <strong>oder<\/strong> 16 GB LPDDR4<\/p>\n<p style=\"margin: 0in; font-family: Calibri; font-size: 11pt;\">Festplatte:<strong> Je nach Konfiguration<\/strong> &#8211; 256 GB SSD M.2 PCIe\u00aex4 NVMe\u00ae <strong>oder<\/strong> 512 GB SSD M.2 PCIe\u00aex4 NVMe\u00ae<\/p>\n<p style=\"margin: 0in; font-family: Calibri; font-size: 11pt;\">WLAN: IEEE 802.11 a\/b\/g\/n\/ac<\/p>\n<p style=\"margin: 0in; font-family: Calibri; font-size: 11pt;\">WWAN: LTE<\/p>\n<p style=\"margin: 0in; font-family: Calibri; font-size: 11pt;\">SIM Formfaktor: Nano-SIM<\/p>\n<p style=\"margin: 0in; font-family: Calibri; font-size: 11pt;\">GPS: ja<\/p>\n<p style=\"margin: 0in; font-family: Calibri; font-size: 11pt;\">Bluetooth: 5.0 BLE<\/p>\n<p style=\"margin: 0in; font-family: Calibri; font-size: 11pt;\">Barcodeleser: optional<\/p>\n<p style=\"margin: 0in; font-family: Calibri; font-size: 11pt;\">RFID Leser: optional<\/p>\n<p style=\"margin: 0in; font-family: Calibri; font-size: 11pt;\">NFC: optional<\/p>\n<p style=\"margin: 0in; font-family: Calibri; font-size: 11pt;\">Schnittstellen: 2x USB 3.2 Gen1 Type-A\u2122, HDMI, LAN, Audio, Docking-Anschluss<\/p>\n<p style=\"margin: 0in; font-family: Calibri; font-size: 11pt;\">Card Reader: microSD<\/p>\n<p style=\"margin: 0in; font-family: Calibri; font-size: 11pt;\">Kamera Frontseite: 2,0 Megapixel<\/p>\n<p style=\"margin: 0in; font-family: Calibri; font-size: 11pt;\">Kamera R\u00fcckseite: 8,0 Megapixel<\/p>\n<p style=\"margin: 0in; font-family: Calibri; font-size: 11pt;\">Milit\u00e4rnorm: MIL-STD 461G, MIL-STD 810G<\/p>\n<p style=\"margin: 0in; font-family: Calibri; font-size: 11pt;\">Schutzart: IP 66<\/p>\n<p style=\"margin: 0in; font-family: Calibri; font-size: 11pt;\">Explosionsschutz: C1D2<\/p>\n<p style=\"margin: 0in; font-family: Calibri; font-size: 11pt;\">Fingerabdruckleser: optional<\/p>\n<p style=\"margin: 0in; font-family: Calibri; font-size: 11pt;\">Akkulaufzeit bis zu: 10 Stunden<\/p>\n<p style=\"margin: 0in; font-family: Calibri; font-size: 11pt;\">Netzteil: 65 Watt, extern<\/p>\n<p style=\"margin: 0in; font-family: Calibri; font-size: 11pt;\">Input: 100-240V AC \/ 50-60Hz<\/p>\n<p style=\"margin: 0in; font-family: Calibri; font-size: 11pt;\">Output: 19V DC \/ 3,42A<\/p>\n<p style=\"margin: 0in; font-family: Calibri; font-size: 11pt;\">Gewicht: 1.390 g<\/p>\n<p style=\"margin: 0in; font-family: Calibri; font-size: 11pt;\">Abmessungen (BxHxT): 317 x 215 x 23,8 mm<\/p>\n<p style=\"margin: 0in; font-family: Calibri; font-size: 11pt;\">Tastatur: ja<\/p>\n<p style=\"margin: 0in; font-family: Calibri; font-size: 11pt;\">Paketinhalt: Tablet-PC und Netzteil<\/p>\n<p style=\"margin: 0in; font-family: Calibri; font-size: 11pt;\">Garantie: 3 Jahre<\/p>\n<p style=\"margin: 0in; font-family: Calibri; font-size: 11pt;\">Garantie Akku: 1 Jahr<\/p>\n<p style=\"margin: 0in; font-family: Calibri; font-size: 11pt;\">optionaler Service: DURABOOK ACCIDENTAL DAMAGE WARRANTY<\/p>\n","protected":false},"excerpt":{"rendered":"<p>Prozessor: Intel\u00ae Core\u2122 i5-1230U (2x bis zu 4,40 GHz(Performance), 8x bis 3,30 GHz(Efficient) mit Intel\u00ae Turbo-Boost-Max-Technik, Intel\u00ae Iris\u00ae Xe Graphics, 12M Cache) Betriebssystem: Windows\u00ae 11 Pro 64-bit Displaygr\u00f6\u00dfe: 11,6&#8243; (29,46 cm) Aufl\u00f6sung: 1.920 x 1.080 Pixel (FHD) Touchscreen: kapazitiv Touch-Bedienung: Multi-Touch Grafik: Intel\u00ae Iris\u00ae Xe Grafik Arbeitsspeicher (fest verl\u00f6tet): Je nach Konfiguration 8 GB LPDDR4 [&hellip;]<\/p>\n","protected":false},"featured_media":275670,"template":"","meta":{"_angie_page":false},"product_brand":[],"product_cat":[713],"product_tag":[],"class_list":{"0":"post-271569","1":"product","2":"type-product","3":"status-publish","4":"has-post-thumbnail","6":"product_cat-unkategorisiert","7":"product_shipping_class-standard","8":"tm-no-options","10":"first","11":"instock","12":"taxable","13":"shipping-taxable","14":"purchasable","15":"product-type-variable"},"group_of_quantity":0,"min_quantity":0,"max_quantity":"","exclude_order_quantity_value_rules":"no","exclude_category_quantity_rules":"no","combine_variations":"no","_links":{"self":[{"href":"https:\/\/sundsits.com\/en\/wp-json\/wp\/v2\/product\/271569","targetHints":{"allow":["GET"]}}],"collection":[{"href":"https:\/\/sundsits.com\/en\/wp-json\/wp\/v2\/product"}],"about":[{"href":"https:\/\/sundsits.com\/en\/wp-json\/wp\/v2\/types\/product"}],"wp:featuredmedia":[{"embeddable":true,"href":"https:\/\/sundsits.com\/en\/wp-json\/wp\/v2\/media\/275670"}],"wp:attachment":[{"href":"https:\/\/sundsits.com\/en\/wp-json\/wp\/v2\/media?parent=271569"}],"wp:term":[{"taxonomy":"product_brand","embeddable":true,"href":"https:\/\/sundsits.com\/en\/wp-json\/wp\/v2\/product_brand?post=271569"},{"taxonomy":"product_cat","embeddable":true,"href":"https:\/\/sundsits.com\/en\/wp-json\/wp\/v2\/product_cat?post=271569"},{"taxonomy":"product_tag","embeddable":true,"href":"https:\/\/sundsits.com\/en\/wp-json\/wp\/v2\/product_tag?post=271569"}],"curies":[{"name":"wp","href":"https:\/\/api.w.org\/{rel}","templated":true}]}}