{"id":270274,"date":"2024-03-25T18:44:34","date_gmt":"2024-03-25T17:44:34","guid":{"rendered":"https:\/\/www.sundsits.de\/produkt\/kern-eg-220-3nm-inkl-ersteichung\/"},"modified":"2025-03-13T15:03:11","modified_gmt":"2025-03-13T14:03:11","slug":"kern-eg-220-3nm-inkl-ersteichung","status":"publish","type":"product","link":"https:\/\/sundsits.com\/en\/kern-eg-220-3nm-inkl-ersteichung\/","title":{"rendered":"Kern EG 220-3NM inkl. Ersteichung"},"content":{"rendered":"<p>Kern Waagen<\/p>\n<p>Interne Justierschaltung \u00fcber Drehknopf an der Seite garantiert hohe Genauigkeit und macht standortunabh\u00e4ngig.<br \/>\nStabiles Temperaturverhalten<br \/>\nKurze Einschwingzeit<br \/>\nHohe mechanische Robustheit<br \/>\nHohe Eckenlast-Sicherheit<br \/>\nKapazit\u00e4tsanzeige: Eine ansteigende Bargraph-Anzeige zeigt den noch verf\u00fcgbaren W\u00e4gebereich an<br \/>\nSummieren von Z\u00e4hlteilen<\/p>\n<p>Technische Daten:<\/p>\n<p>&#8211; W\u00e4gebereich: 220 g.<br \/>\n&#8211; Ablesbarkeit: 0,001 g.<br \/>\n&#8211; Linearit\u00e4t: 0,002 g.<br \/>\n&#8211; Eichwert: 0,01 g.<br \/>\n&#8211; W\u00e4gefl\u00e4che \u00d8: 118 mm.<br \/>\n&#8211; W\u00e4geraum (BxTxH): 158 x 130 x 78 mm.<br \/>\n&#8211; Material W\u00e4geplatte: Edelstahl<br \/>\n&#8211; Einschwingzeit: 2 s.<\/p>\n<p>Windschutz serienm\u00e4\u00dfig, W\u00e4geraum B\u00d7T\u00d7H 158\u00d7130\u00d778 mm<br \/>\nArbeitsschutzhaube im Lieferumfang enthalten<\/p>\n<p><strong>Wird mit Ersteichung (Eichklasse II) geliefert!<\/strong><\/p>\n","protected":false},"excerpt":{"rendered":"<p>Ersteichung inbegriffen.<\/p>\n","protected":false},"featured_media":275653,"template":"","meta":[],"product_brand":[],"product_cat":[893],"product_tag":[],"class_list":{"0":"post-270274","1":"product","2":"type-product","3":"status-publish","4":"has-post-thumbnail","6":"product_cat-waagen","7":"product_shipping_class-standard","8":"tm-no-options","10":"first","11":"onbackorder","12":"taxable","13":"shipping-taxable","14":"purchasable","15":"product-type-simple"},"group_of_quantity":0,"min_quantity":0,"max_quantity":"","exclude_order_quantity_value_rules":"no","exclude_category_quantity_rules":"no","combine_variations":"no","_links":{"self":[{"href":"https:\/\/sundsits.com\/en\/wp-json\/wp\/v2\/product\/270274","targetHints":{"allow":["GET"]}}],"collection":[{"href":"https:\/\/sundsits.com\/en\/wp-json\/wp\/v2\/product"}],"about":[{"href":"https:\/\/sundsits.com\/en\/wp-json\/wp\/v2\/types\/product"}],"wp:featuredmedia":[{"embeddable":true,"href":"https:\/\/sundsits.com\/en\/wp-json\/wp\/v2\/media\/275653"}],"wp:attachment":[{"href":"https:\/\/sundsits.com\/en\/wp-json\/wp\/v2\/media?parent=270274"}],"wp:term":[{"taxonomy":"product_brand","embeddable":true,"href":"https:\/\/sundsits.com\/en\/wp-json\/wp\/v2\/product_brand?post=270274"},{"taxonomy":"product_cat","embeddable":true,"href":"https:\/\/sundsits.com\/en\/wp-json\/wp\/v2\/product_cat?post=270274"},{"taxonomy":"product_tag","embeddable":true,"href":"https:\/\/sundsits.com\/en\/wp-json\/wp\/v2\/product_tag?post=270274"}],"curies":[{"name":"wp","href":"https:\/\/api.w.org\/{rel}","templated":true}]}}