{"id":267928,"date":"2023-09-22T16:46:41","date_gmt":"2023-09-22T14:46:41","guid":{"rendered":"https:\/\/www.sundsits.de\/produkt\/zebra-5-slot-ladestation-inkl-netzteil-und-adapter\/"},"modified":"2025-11-12T12:53:12","modified_gmt":"2025-11-12T11:53:12","slug":"zebra-tc22-tc27-5-fach-ladestation-inkl-netzteil-und-adapter","status":"publish","type":"product","link":"https:\/\/sundsits.com\/en\/zebra-tc22-tc27-5-fach-ladestation-inkl-netzteil-und-adapter\/","title":{"rendered":"Zebra TC22\/TC27 5-Fach Ladestation inkl. Netzteil und Adapter"},"content":{"rendered":"<p>5-Slot Ger\u00e4teladestation kompatibel mit Schutzh\u00fclle &#8211; passend f\u00fcr: TC22, TC27<br \/>\nNetzteil und Kabel inklusive<\/p>\n","protected":false},"excerpt":{"rendered":"<p>5-Slot Ger\u00e4teladestation kompatibel mit Schutzh\u00fclle &#8211; passend f\u00fcr: TC22, TC27 Netzteil und Kabel inklusive<\/p>\n","protected":false},"featured_media":275550,"template":"","meta":[],"product_brand":[],"product_cat":[713],"product_tag":[],"class_list":{"0":"post-267928","1":"product","2":"type-product","3":"status-publish","4":"has-post-thumbnail","6":"product_cat-unkategorisiert","7":"product_shipping_class-standard","8":"tm-no-options","10":"first","11":"outofstock","12":"taxable","13":"shipping-taxable","14":"purchasable","15":"product-type-simple"},"group_of_quantity":0,"min_quantity":0,"max_quantity":"","exclude_order_quantity_value_rules":"no","exclude_category_quantity_rules":"no","combine_variations":"no","_links":{"self":[{"href":"https:\/\/sundsits.com\/en\/wp-json\/wp\/v2\/product\/267928","targetHints":{"allow":["GET"]}}],"collection":[{"href":"https:\/\/sundsits.com\/en\/wp-json\/wp\/v2\/product"}],"about":[{"href":"https:\/\/sundsits.com\/en\/wp-json\/wp\/v2\/types\/product"}],"wp:featuredmedia":[{"embeddable":true,"href":"https:\/\/sundsits.com\/en\/wp-json\/wp\/v2\/media\/275550"}],"wp:attachment":[{"href":"https:\/\/sundsits.com\/en\/wp-json\/wp\/v2\/media?parent=267928"}],"wp:term":[{"taxonomy":"product_brand","embeddable":true,"href":"https:\/\/sundsits.com\/en\/wp-json\/wp\/v2\/product_brand?post=267928"},{"taxonomy":"product_cat","embeddable":true,"href":"https:\/\/sundsits.com\/en\/wp-json\/wp\/v2\/product_cat?post=267928"},{"taxonomy":"product_tag","embeddable":true,"href":"https:\/\/sundsits.com\/en\/wp-json\/wp\/v2\/product_tag?post=267928"}],"curies":[{"name":"wp","href":"https:\/\/api.w.org\/{rel}","templated":true}]}}