{"id":267789,"date":"2023-09-05T10:08:31","date_gmt":"2023-09-05T08:08:31","guid":{"rendered":"https:\/\/www.sundsits.de\/produkt\/epson-tm-l100-label-printer\/"},"modified":"2026-03-13T07:07:50","modified_gmt":"2026-03-13T06:07:50","slug":"epson-tm-l100-label-printer","status":"publish","type":"product","link":"https:\/\/sundsits.com\/en\/epson-tm-l100-label-printer\/","title":{"rendered":"Epson TM-L100 Label Printer"},"content":{"rendered":"<p>Epson Label Printer<\/p>\n<p>Einfach zu integrieren f\u00fcr Take-away Unternehmen und Lieferdienste!<\/p>\n<p>Der TM-L100 ist ein kompakter (mit 3 Design-Awards ausgezeichneter) Bondrucker, bzw. Thermoetikettendrucker f\u00fcr Einzelhandels- und Gastgewerbeunternehmen (z.B. Fast-Food-Restaurants und Imbiss-Stuben, Geisterk\u00fcchen\/Ghost Kitchens und Cateringbetriebe, Einzelhandelsketten, Superm\u00e4rkte, Lebensmittel- und Feinkostgesch\u00e4fte sowie Lieferservices) der entwickelt wurde, um effizienter zu arbeiten, die Umwelt zu schonen und Zeit zu sparen. Der TM-L100 unterst\u00fctzt eine Reihe von Liner-Free-Medien, die auf unterschiedlichen Materialen haften und leicht abl\u00f6sbar sind. So druckt er tr\u00e4germaterialfreie, selbstklebende Bons und Lieferhinweise f\u00fcr Take-away-Anwendungen, Click-and-Collect-Vorbestellungen sowie Lieferdienste und vermeidet den \u00fcblicherweise bei der Produktion von Etiketten anfallenden Plastikabfall. Ein weiteres umweltfreundliches Merkmal ist seine fortschrittliche Papiereinsparungsfunktion.<\/p>\n<p>Au\u00dferdem k\u00f6nnen alternativ auch vorgestanzte, auch st\u00e4rker haftende Etiketten mit Black-Mark-Erkennung f\u00fcr die Etikettierung verwendet werden.<\/p>\n","protected":false},"excerpt":{"rendered":"<ul>\n<li>Design Award Gewinner<\/li>\n<li>gro\u00dfe Schnittstellen Auswahl<\/li>\n<li>Liner Free Technologie<\/li>\n<\/ul>\n","protected":false},"featured_media":275540,"template":"","meta":[],"product_brand":[],"product_cat":[834],"product_tag":[],"class_list":{"0":"post-267789","1":"product","2":"type-product","3":"status-publish","4":"has-post-thumbnail","6":"product_cat-bondrucker","7":"product_shipping_class-standard","8":"tm-no-options","10":"first","11":"instock","12":"taxable","13":"shipping-taxable","14":"purchasable","15":"product-type-variable"},"group_of_quantity":0,"min_quantity":0,"max_quantity":"","exclude_order_quantity_value_rules":"no","exclude_category_quantity_rules":"no","combine_variations":"no","_links":{"self":[{"href":"https:\/\/sundsits.com\/en\/wp-json\/wp\/v2\/product\/267789","targetHints":{"allow":["GET"]}}],"collection":[{"href":"https:\/\/sundsits.com\/en\/wp-json\/wp\/v2\/product"}],"about":[{"href":"https:\/\/sundsits.com\/en\/wp-json\/wp\/v2\/types\/product"}],"wp:featuredmedia":[{"embeddable":true,"href":"https:\/\/sundsits.com\/en\/wp-json\/wp\/v2\/media\/275540"}],"wp:attachment":[{"href":"https:\/\/sundsits.com\/en\/wp-json\/wp\/v2\/media?parent=267789"}],"wp:term":[{"taxonomy":"product_brand","embeddable":true,"href":"https:\/\/sundsits.com\/en\/wp-json\/wp\/v2\/product_brand?post=267789"},{"taxonomy":"product_cat","embeddable":true,"href":"https:\/\/sundsits.com\/en\/wp-json\/wp\/v2\/product_cat?post=267789"},{"taxonomy":"product_tag","embeddable":true,"href":"https:\/\/sundsits.com\/en\/wp-json\/wp\/v2\/product_tag?post=267789"}],"curies":[{"name":"wp","href":"https:\/\/api.w.org\/{rel}","templated":true}]}}