{"id":267721,"date":"2023-08-23T15:23:44","date_gmt":"2023-08-23T13:23:44","guid":{"rendered":"https:\/\/www.sundsits.de\/produkt\/elo-elopos-z30-156\/"},"modified":"2025-11-12T12:53:11","modified_gmt":"2025-11-12T11:53:11","slug":"elopos-z30-156-kundendisplay-android-10-gms","status":"publish","type":"product","link":"https:\/\/sundsits.com\/en\/elopos-z30-156-kundendisplay-android-10-gms\/","title":{"rendered":"EloPOS Z30 15,6&#8243; Kundendisplay Android 10 GMS"},"content":{"rendered":"<p>Das EloPOS Z30 POS-System basiert auf der einheitlichen Elo-Architektur und pr\u00e4sentiert sich als leistungsstarkes POS-System, das die Konkurrenz \u00fcbertrifft. Ausgestattet mit einem interaktiven 15,6-Zoll-Full-HD-Display, integriertem Konnektivit\u00e4ts-Hub, integrierter Kabelf\u00fchrung, 10&#8243; Kunden-Touchscreen und Android 10 OS bringt das EloPOS Z30 einen der schlanksten Formfaktoren auf den Markt.<\/p>\n<p>Das EloPOS Z30 bietet ein vollst\u00e4ndig integriertes interaktives 15,6-Zoll-Full-HD-Display.<\/p>\n<p>Technische Daten:<\/p>\n<p>POS System, Touchscreen, Projected Capacitive, 39.6 cm (15.6&#8221;), resolution: 1920&#215;1080 pixels, Qualcomm Octa Core, RAM: 4 GB, Flash: 64 GB, USB (3.0, 4x), powered-USB, Bluetooth, Ethernet (10\/100\/1000 Mbit), Wi-Fi (802.11ac), drawer kickout, VESA mount (75&#215;75 mm), speaker, customer display (10 inch), webcam, 20ms, brightness: 280cd, viewing angle: 170\/170\u00b0(H\/V), contrast: 1000:1, Android (10), incl.: power supply unit, power cable (EU, US), Google Mobile Services, stand, QSG, colour: dark grey<\/p>\n","protected":false},"excerpt":{"rendered":"<p>&#8211; Qualcomm Snapdragon<\/p>\n<p>&#8211; 4GB \/ 32GB<\/p>\n<p>&#8211; 15,6&#8243; \/ 10&#8243; Display<\/p>\n","protected":false},"featured_media":275537,"template":"","meta":[],"product_brand":[],"product_cat":[835],"product_tag":[],"class_list":{"0":"post-267721","1":"product","2":"type-product","3":"status-publish","4":"has-post-thumbnail","6":"product_cat-kassensysteme","7":"product_shipping_class-standard","8":"tm-no-options","10":"first","11":"onbackorder","12":"taxable","13":"shipping-taxable","14":"purchasable","15":"product-type-simple"},"group_of_quantity":0,"min_quantity":0,"max_quantity":"","exclude_order_quantity_value_rules":"no","exclude_category_quantity_rules":"no","combine_variations":"no","_links":{"self":[{"href":"https:\/\/sundsits.com\/en\/wp-json\/wp\/v2\/product\/267721","targetHints":{"allow":["GET"]}}],"collection":[{"href":"https:\/\/sundsits.com\/en\/wp-json\/wp\/v2\/product"}],"about":[{"href":"https:\/\/sundsits.com\/en\/wp-json\/wp\/v2\/types\/product"}],"wp:featuredmedia":[{"embeddable":true,"href":"https:\/\/sundsits.com\/en\/wp-json\/wp\/v2\/media\/275537"}],"wp:attachment":[{"href":"https:\/\/sundsits.com\/en\/wp-json\/wp\/v2\/media?parent=267721"}],"wp:term":[{"taxonomy":"product_brand","embeddable":true,"href":"https:\/\/sundsits.com\/en\/wp-json\/wp\/v2\/product_brand?post=267721"},{"taxonomy":"product_cat","embeddable":true,"href":"https:\/\/sundsits.com\/en\/wp-json\/wp\/v2\/product_cat?post=267721"},{"taxonomy":"product_tag","embeddable":true,"href":"https:\/\/sundsits.com\/en\/wp-json\/wp\/v2\/product_tag?post=267721"}],"curies":[{"name":"wp","href":"https:\/\/api.w.org\/{rel}","templated":true}]}}