{"id":267711,"date":"2023-08-23T09:26:49","date_gmt":"2023-08-23T07:26:49","guid":{"rendered":"https:\/\/www.sundsits.de\/produkt\/elo-standfuss-fuer-i-series-4-0-slate\/"},"modified":"2026-05-13T07:11:55","modified_gmt":"2026-05-13T05:11:55","slug":"elo-standfuss-fuer-i-series-4-0-slate","status":"publish","type":"product","link":"https:\/\/sundsits.com\/en\/elo-standfuss-fuer-i-series-4-0-slate\/","title":{"rendered":"Elo Standfu\u00df f\u00fcr I-Series 4.0 Slate"},"content":{"rendered":"<p>Komplett mit verdeckter Kabelf\u00fchrung und der M\u00f6glichkeit, ein Kundendisplay auf der R\u00fcckseite anzuordnen, bietet das Z10 POS-Standsystem ein elegantes, minimalistisches Design, um den Checkout bei beengtem Platzangebot zu optimieren.<\/p>\n<p>Technische Daten:<\/p>\n<p>Z10 POS stand, colour: dark grey, fits for: I-Series 4.0 Slate (E391994\/E392786)<\/p>\n","protected":false},"excerpt":{"rendered":"<p>&#8211; f\u00fcr I-Series 4.0 Slate<\/p>\n","protected":false},"featured_media":275529,"template":"","meta":{"_angie_page":false},"product_brand":[],"product_cat":[713],"product_tag":[],"class_list":{"0":"post-267711","1":"product","2":"type-product","3":"status-publish","4":"has-post-thumbnail","6":"product_cat-unkategorisiert","7":"product_shipping_class-standard","8":"tm-no-options","10":"first","11":"instock","12":"taxable","13":"shipping-taxable","14":"purchasable","15":"product-type-simple"},"group_of_quantity":0,"min_quantity":0,"max_quantity":"","exclude_order_quantity_value_rules":"no","exclude_category_quantity_rules":"no","combine_variations":"no","_links":{"self":[{"href":"https:\/\/sundsits.com\/en\/wp-json\/wp\/v2\/product\/267711","targetHints":{"allow":["GET"]}}],"collection":[{"href":"https:\/\/sundsits.com\/en\/wp-json\/wp\/v2\/product"}],"about":[{"href":"https:\/\/sundsits.com\/en\/wp-json\/wp\/v2\/types\/product"}],"wp:featuredmedia":[{"embeddable":true,"href":"https:\/\/sundsits.com\/en\/wp-json\/wp\/v2\/media\/275529"}],"wp:attachment":[{"href":"https:\/\/sundsits.com\/en\/wp-json\/wp\/v2\/media?parent=267711"}],"wp:term":[{"taxonomy":"product_brand","embeddable":true,"href":"https:\/\/sundsits.com\/en\/wp-json\/wp\/v2\/product_brand?post=267711"},{"taxonomy":"product_cat","embeddable":true,"href":"https:\/\/sundsits.com\/en\/wp-json\/wp\/v2\/product_cat?post=267711"},{"taxonomy":"product_tag","embeddable":true,"href":"https:\/\/sundsits.com\/en\/wp-json\/wp\/v2\/product_tag?post=267711"}],"curies":[{"name":"wp","href":"https:\/\/api.w.org\/{rel}","templated":true}]}}