{"id":267594,"date":"2023-08-11T08:37:18","date_gmt":"2023-08-11T06:37:18","guid":{"rendered":"https:\/\/www.sundsits.de\/produkt\/elo-wallaby-pro-self-service-kiosk\/"},"modified":"2025-03-13T15:19:44","modified_gmt":"2025-03-13T14:19:44","slug":"elo-wallaby-pro-self-service-kiosk","status":"publish","type":"product","link":"https:\/\/sundsits.com\/en\/elo-wallaby-pro-self-service-kiosk\/","title":{"rendered":"Elo Wallaby Pro Self-Service Kiosk"},"content":{"rendered":"<p>Self-Service-St\u00e4nder Wallaby\u2122<\/p>\n<p>Self-Service-St\u00e4nder Wallaby \u2013 schaffen Sie jetzt noch einfacher interaktive Erlebnisr\u00e4ume in Bereichen mit hohem Publikumsverkehr.<\/p>\n<p>Erstellen Sie einen einheitlichen Ansatz f\u00fcr jedes Kundenerlebnis in Point-of-Sale- und Self-Service-Anwendungen,<br \/>\neinschlie\u00dflich Self-Order, Endless Aisle, Preis\u00fcberpr\u00fcfung, Treueprogrammen, Markenerlebnis, Patienten-Check-in und mehr.<\/p>\n<p>Mithilfe der Wallaby-St\u00e4nder k\u00f6nnen Sie ganz einfach eine 15- oder 22-Zoll-Touchscreen-L\u00f6sung<br \/>\nf\u00fcr Ihren Self-Service-Bereich einrichten \u2013 inklusive Zahlungs- und Druckfunktionen.<\/p>\n<p>F\u00fcr den kommerziellen Einsatz gemacht, f\u00fcr die Self-Service-Umgebung gedacht:<\/p>\n<p>Mit den Self-Service-St\u00e4ndern Wallaby k\u00f6nnen Sie einen Drucker und ein EMV-Zahlungssystem sicher hinzuf\u00fcgen.<br \/>\nGleichzeitig bieten sie den Platz, den Sie f\u00fcr weitere Komponenten ben\u00f6tigen \u2013 vom mit dem St\u00e4nder gelieferten USB-3.0-Hub und Netzteil<br \/>\nbis zum Netzwerk-Switch, sodass Sie den Platz individuell nutzen k\u00f6nnen.<\/p>\n","protected":false},"excerpt":{"rendered":"<p>Self-Service-St\u00e4nder Wallaby\u2122 Self-Service-St\u00e4nder Wallaby \u2013 schaffen Sie jetzt noch einfacher interaktive Erlebnisr\u00e4ume in Bereichen mit hohem Publikumsverkehr. Erstellen Sie einen einheitlichen Ansatz f\u00fcr jedes Kundenerlebnis in Point-of-Sale- und Self-Service-Anwendungen, einschlie\u00dflich Self-Order, Endless Aisle, Preis\u00fcberpr\u00fcfung, Treueprogrammen, Markenerlebnis, Patienten-Check-in und mehr. Mithilfe der Wallaby-St\u00e4nder k\u00f6nnen Sie ganz einfach eine 15- oder 22-Zoll-Touchscreen-L\u00f6sung f\u00fcr Ihren Self-Service-Bereich einrichten \u2013 [&hellip;]<\/p>\n","protected":false},"featured_media":275517,"template":"","meta":{"_angie_page":false},"product_brand":[],"product_cat":[894],"product_tag":[],"class_list":{"0":"post-267594","1":"product","2":"type-product","3":"status-publish","4":"has-post-thumbnail","6":"product_cat-kiosksysteme-laden-pos","7":"product_shipping_class-standard","8":"tm-has-options","10":"first","11":"instock","12":"taxable","13":"shipping-taxable","14":"purchasable","15":"product-type-simple"},"group_of_quantity":0,"min_quantity":0,"max_quantity":"","exclude_order_quantity_value_rules":"no","exclude_category_quantity_rules":"no","combine_variations":"no","_links":{"self":[{"href":"https:\/\/sundsits.com\/en\/wp-json\/wp\/v2\/product\/267594","targetHints":{"allow":["GET"]}}],"collection":[{"href":"https:\/\/sundsits.com\/en\/wp-json\/wp\/v2\/product"}],"about":[{"href":"https:\/\/sundsits.com\/en\/wp-json\/wp\/v2\/types\/product"}],"wp:featuredmedia":[{"embeddable":true,"href":"https:\/\/sundsits.com\/en\/wp-json\/wp\/v2\/media\/275517"}],"wp:attachment":[{"href":"https:\/\/sundsits.com\/en\/wp-json\/wp\/v2\/media?parent=267594"}],"wp:term":[{"taxonomy":"product_brand","embeddable":true,"href":"https:\/\/sundsits.com\/en\/wp-json\/wp\/v2\/product_brand?post=267594"},{"taxonomy":"product_cat","embeddable":true,"href":"https:\/\/sundsits.com\/en\/wp-json\/wp\/v2\/product_cat?post=267594"},{"taxonomy":"product_tag","embeddable":true,"href":"https:\/\/sundsits.com\/en\/wp-json\/wp\/v2\/product_tag?post=267594"}],"curies":[{"name":"wp","href":"https:\/\/api.w.org\/{rel}","templated":true}]}}