{"id":267225,"date":"2023-07-07T09:23:44","date_gmt":"2023-07-07T07:23:44","guid":{"rendered":"https:\/\/www.sundsits.de\/produkt\/tricomapos-serviceabo\/"},"modified":"2026-02-24T10:15:10","modified_gmt":"2026-02-24T09:15:10","slug":"tricomapos-service","status":"publish","type":"product","link":"https:\/\/sundsits.com\/en\/tricomapos-service\/","title":{"rendered":"tricomaPOS Service"},"content":{"rendered":"<p>Kassen sind mit das wichtigste f\u00fcr Ihr Gesch\u00e4ft und nur durch regelm\u00e4\u00dfige Wartung k\u00f6nnen Sie diese optimal am Laufen halten. Deshalb helfen wir Ihnen jederzeit mit der Wartung und dem\u00a0tricomaPOS Service Abos weiter. Eine Wartung geht schnell und wird automatisch ausgef\u00fchrt, dadurch ist das System Ihrer Kasse immer aktuell und einsatzbereit.<\/p>\n<p>Mithilfe des Patch Managements f\u00fcr die Hardware schlie\u00dfen wir auch Sicherheitsl\u00fccken und helfen bei Stabilit\u00e4tsproblemen.<br \/>Abgesehen von der Wartung helfen wir Ihnen auch noch bei:<\/p>\n<ul>\n<li>Updates f\u00fcr tricomaPOS<\/li>\n<li>Monitoring der Hardware<\/li>\n<li>Firmwareupdates<\/li>\n<\/ul>\n<p><span style=\"font-size: 9pt;\">Monatliches Abo.<br \/>Gilt pro Kasse in Zusammenhang mit der Seriennummer.<br \/>Vertragslaufzeit betr\u00e4gt 6 Monate, k\u00fcndbar 4 Wochen vor Laufzeitende.<\/span><\/p>\n\n\n<p><\/p>\n","protected":false},"excerpt":{"rendered":"<p>Service\u00a0f\u00fcr ihre tricomaPOS<\/p>\n","protected":false},"featured_media":275468,"template":"","meta":[],"product_brand":[],"product_cat":[741],"product_tag":[],"class_list":{"0":"post-267225","1":"product","2":"type-product","3":"status-publish","4":"has-post-thumbnail","6":"product_cat-services","7":"product_shipping_class-dienstleistung","8":"tm-no-options","10":"first","11":"instock","12":"taxable","13":"shipping-taxable","14":"purchasable","15":"product-type-variable-subscription"},"group_of_quantity":0,"min_quantity":0,"max_quantity":"","exclude_order_quantity_value_rules":"no","exclude_category_quantity_rules":"no","combine_variations":"no","_links":{"self":[{"href":"https:\/\/sundsits.com\/en\/wp-json\/wp\/v2\/product\/267225","targetHints":{"allow":["GET"]}}],"collection":[{"href":"https:\/\/sundsits.com\/en\/wp-json\/wp\/v2\/product"}],"about":[{"href":"https:\/\/sundsits.com\/en\/wp-json\/wp\/v2\/types\/product"}],"wp:featuredmedia":[{"embeddable":true,"href":"https:\/\/sundsits.com\/en\/wp-json\/wp\/v2\/media\/275468"}],"wp:attachment":[{"href":"https:\/\/sundsits.com\/en\/wp-json\/wp\/v2\/media?parent=267225"}],"wp:term":[{"taxonomy":"product_brand","embeddable":true,"href":"https:\/\/sundsits.com\/en\/wp-json\/wp\/v2\/product_brand?post=267225"},{"taxonomy":"product_cat","embeddable":true,"href":"https:\/\/sundsits.com\/en\/wp-json\/wp\/v2\/product_cat?post=267225"},{"taxonomy":"product_tag","embeddable":true,"href":"https:\/\/sundsits.com\/en\/wp-json\/wp\/v2\/product_tag?post=267225"}],"curies":[{"name":"wp","href":"https:\/\/api.w.org\/{rel}","templated":true}]}}