{"id":263078,"date":"2023-05-24T10:19:15","date_gmt":"2023-05-24T08:19:15","guid":{"rendered":"https:\/\/www.sundsits.de\/produkt\/datalogic-memor-11\/"},"modified":"2026-03-13T07:07:46","modified_gmt":"2026-03-13T06:07:46","slug":"datalogic-memor-11","status":"publish","type":"product","link":"https:\/\/sundsits.com\/en\/datalogic-memor-11\/","title":{"rendered":"Datalogic Memor 11"},"content":{"rendered":"<p>Die Memor 11-Familie ist eine Serie vielseitiger Mobilcomputer, die die Produktivit\u00e4t von Unternehmen verbessert und Abl\u00e4ufe rationalisiert. Diese hochmoderne Erg\u00e4nzung der renommierten Memor-Serie wurde entwickelt, um mobilen Mitarbeitern beispiellose Flexibilit\u00e4t zu bieten. Mit einem aktuellen Android Betriebssystem und verbesserten Verarbeitungsfunktionen liefert die Memor 11-Familie eine \u00fcberragende Scanleistung und umfassende Effizienz. Sie ist die ideale Antwort f\u00fcr alle, die nach einer vielseitigen L\u00f6sung in unterschiedlichen Umgebungen wie dem Einzelhandel, der Lagerverwaltung, der R\u00fcckverfolgbarkeit und Qualit\u00e4tskontrolle in der Fertigung oder f\u00fcr Transport- und Logistikanwendungen suchen.<\/p>\n","protected":false},"excerpt":{"rendered":"<p>Die Memor 11-Familie ist in zwei Versionen erh\u00e4ltlich, dem reinen Wi-Fi- und dem Wi-Fi-\/Mobilfunkmodell, die eine nahtlose Nutzung in Innenr\u00e4umen oder in Kombination mit Au\u00dfeneins\u00e4tzen und Feldmobilit\u00e4t erm\u00f6glichen.<\/p>\n","protected":false},"featured_media":275438,"template":"","meta":{"_angie_page":false},"product_brand":[],"product_cat":[843],"product_tag":[],"class_list":{"0":"post-263078","1":"product","2":"type-product","3":"status-publish","4":"has-post-thumbnail","6":"product_cat-mobile-datenerfassung","7":"product_shipping_class-standard","8":"tm-has-options","10":"first","11":"instock","12":"taxable","13":"shipping-taxable","14":"purchasable","15":"product-type-variable"},"group_of_quantity":0,"min_quantity":0,"max_quantity":"","exclude_order_quantity_value_rules":"no","exclude_category_quantity_rules":"no","combine_variations":"no","_links":{"self":[{"href":"https:\/\/sundsits.com\/en\/wp-json\/wp\/v2\/product\/263078","targetHints":{"allow":["GET"]}}],"collection":[{"href":"https:\/\/sundsits.com\/en\/wp-json\/wp\/v2\/product"}],"about":[{"href":"https:\/\/sundsits.com\/en\/wp-json\/wp\/v2\/types\/product"}],"wp:featuredmedia":[{"embeddable":true,"href":"https:\/\/sundsits.com\/en\/wp-json\/wp\/v2\/media\/275438"}],"wp:attachment":[{"href":"https:\/\/sundsits.com\/en\/wp-json\/wp\/v2\/media?parent=263078"}],"wp:term":[{"taxonomy":"product_brand","embeddable":true,"href":"https:\/\/sundsits.com\/en\/wp-json\/wp\/v2\/product_brand?post=263078"},{"taxonomy":"product_cat","embeddable":true,"href":"https:\/\/sundsits.com\/en\/wp-json\/wp\/v2\/product_cat?post=263078"},{"taxonomy":"product_tag","embeddable":true,"href":"https:\/\/sundsits.com\/en\/wp-json\/wp\/v2\/product_tag?post=263078"}],"curies":[{"name":"wp","href":"https:\/\/api.w.org\/{rel}","templated":true}]}}