{"id":262981,"date":"2023-05-15T10:06:59","date_gmt":"2023-05-15T08:06:59","guid":{"rendered":"https:\/\/www.sundsits.de\/produkt\/schluessel-fuer-kellnerschloss-kelloxx\/"},"modified":"2026-03-13T06:40:04","modified_gmt":"2026-03-13T05:40:04","slug":"schluessel-fuer-kellnerschloss-kelloxx","status":"publish","type":"product","link":"https:\/\/sundsits.com\/en\/schluessel-fuer-kellnerschloss-kelloxx\/","title":{"rendered":"Schl\u00fcssel, f\u00fcr Kellnerschloss Kelloxx"},"content":{"rendered":"<p>Schl\u00fcssel, f\u00fcr Kellnerschlo\u00df Kelloxx<\/p>\n","protected":false},"excerpt":{"rendered":"<p>Schl\u00fcssel f\u00fcr Kellnerschloss Kelloxx<\/p>\n","protected":false},"featured_media":275419,"template":"","meta":[],"product_brand":[],"product_cat":[774],"product_tag":[],"class_list":{"0":"post-262981","1":"product","2":"type-product","3":"status-publish","4":"has-post-thumbnail","6":"product_cat-hiopos","7":"product_shipping_class-standard","8":"tm-no-options","10":"first","11":"instock","12":"taxable","13":"shipping-taxable","14":"purchasable","15":"product-type-variable"},"group_of_quantity":0,"min_quantity":0,"max_quantity":"","exclude_order_quantity_value_rules":"no","exclude_category_quantity_rules":"no","combine_variations":"no","_links":{"self":[{"href":"https:\/\/sundsits.com\/en\/wp-json\/wp\/v2\/product\/262981","targetHints":{"allow":["GET"]}}],"collection":[{"href":"https:\/\/sundsits.com\/en\/wp-json\/wp\/v2\/product"}],"about":[{"href":"https:\/\/sundsits.com\/en\/wp-json\/wp\/v2\/types\/product"}],"wp:featuredmedia":[{"embeddable":true,"href":"https:\/\/sundsits.com\/en\/wp-json\/wp\/v2\/media\/275419"}],"wp:attachment":[{"href":"https:\/\/sundsits.com\/en\/wp-json\/wp\/v2\/media?parent=262981"}],"wp:term":[{"taxonomy":"product_brand","embeddable":true,"href":"https:\/\/sundsits.com\/en\/wp-json\/wp\/v2\/product_brand?post=262981"},{"taxonomy":"product_cat","embeddable":true,"href":"https:\/\/sundsits.com\/en\/wp-json\/wp\/v2\/product_cat?post=262981"},{"taxonomy":"product_tag","embeddable":true,"href":"https:\/\/sundsits.com\/en\/wp-json\/wp\/v2\/product_tag?post=262981"}],"curies":[{"name":"wp","href":"https:\/\/api.w.org\/{rel}","templated":true}]}}