{"id":261545,"date":"2022-12-15T14:54:43","date_gmt":"2022-12-15T13:54:43","guid":{"rendered":"https:\/\/www.sundsits.de\/produkt\/epson-ersatz-batterie-tm-p20ii\/"},"modified":"2026-02-06T07:10:25","modified_gmt":"2026-02-06T06:10:25","slug":"epson-tm-p20-ersatz-lithium-ionen-akku","status":"publish","type":"product","link":"https:\/\/sundsits.com\/en\/epson-tm-p20-ersatz-lithium-ionen-akku\/","title":{"rendered":"Epson TM-P20 Ersatz Lithium-Ionen-Akku"},"content":{"rendered":"<p>Diese 7,2 V Li-Ionen-Zelle wurde f&uuml;r den mobilen Bondrucker TM-P20II von Epson entwickelt und verf\u00fcgt \u00fcber eine Kapazit\u00e4t von 1240 mAh.<\/p>\n<p>Passend f&uuml;r die mobilen Bondrucker TM-P20 und TM-P20II.<\/p>\n<p>\n","protected":false},"excerpt":{"rendered":"<p>Diese 7,2 V Li-Ionen-Zelle wurde f&uuml;r den mobilen Bondrucker TM-P20II von Epson entwickelt und verf\u00fcgt \u00fcber eine Kapazit\u00e4t von 1240 mAh. Passend f&uuml;r die mobilen Bondrucker TM-P20 und TM-P20II.<\/p>\n","protected":false},"featured_media":275370,"template":"","meta":[],"product_brand":[],"product_cat":[834],"product_tag":[],"class_list":{"0":"post-261545","1":"product","2":"type-product","3":"status-publish","4":"has-post-thumbnail","6":"product_cat-bondrucker","7":"product_shipping_class-standard","8":"tm-no-options","10":"first","11":"onbackorder","12":"taxable","13":"shipping-taxable","14":"purchasable","15":"product-type-simple"},"group_of_quantity":0,"min_quantity":0,"max_quantity":"","exclude_order_quantity_value_rules":"no","exclude_category_quantity_rules":"no","combine_variations":"no","_links":{"self":[{"href":"https:\/\/sundsits.com\/en\/wp-json\/wp\/v2\/product\/261545","targetHints":{"allow":["GET"]}}],"collection":[{"href":"https:\/\/sundsits.com\/en\/wp-json\/wp\/v2\/product"}],"about":[{"href":"https:\/\/sundsits.com\/en\/wp-json\/wp\/v2\/types\/product"}],"wp:featuredmedia":[{"embeddable":true,"href":"https:\/\/sundsits.com\/en\/wp-json\/wp\/v2\/media\/275370"}],"wp:attachment":[{"href":"https:\/\/sundsits.com\/en\/wp-json\/wp\/v2\/media?parent=261545"}],"wp:term":[{"taxonomy":"product_brand","embeddable":true,"href":"https:\/\/sundsits.com\/en\/wp-json\/wp\/v2\/product_brand?post=261545"},{"taxonomy":"product_cat","embeddable":true,"href":"https:\/\/sundsits.com\/en\/wp-json\/wp\/v2\/product_cat?post=261545"},{"taxonomy":"product_tag","embeddable":true,"href":"https:\/\/sundsits.com\/en\/wp-json\/wp\/v2\/product_tag?post=261545"}],"curies":[{"name":"wp","href":"https:\/\/api.w.org\/{rel}","templated":true}]}}