{"id":260738,"date":"2022-10-19T10:19:38","date_gmt":"2022-10-19T08:19:38","guid":{"rendered":"https:\/\/www.sundsits.de\/produkt\/honeywell-scanpal-eda52\/"},"modified":"2026-03-13T08:06:16","modified_gmt":"2026-03-13T07:06:16","slug":"honeywell-scanpal-eda52","status":"publish","type":"product","link":"https:\/\/sundsits.com\/en\/honeywell-scanpal-eda52\/","title":{"rendered":"Honeywell ScanPal EDA52"},"content":{"rendered":"<p>Der Honeywell ScanPal EDA52 ist ein Android-Mobilcomputer der Enterprise-Klasse. Er erm\u00f6glicht eine zuverl\u00e4ssige und sichere Drahtlosverbindung zwischen Mitarbeitern an Front und Back-End-Systemen in Einzelhandel, Transport und Logistik, Fertigung, Gesundheitswesen und dem \u00f6ffentlichen Dienst. Daf\u00fcr greift er auf die Schnittstellen NFC, Wi-Fi 5, Bluetooth 5.1 und 4G LTE zur\u00fcck.<\/p>\n<p>Der ScanPal EDA52 geh\u00f6rt zur n\u00e4chsten Generation der Honeywell ScanPal-Serie. Dementsprechend verf\u00fcgt er \u00fcber eine moderne Ausstattung, bestehend aus einen Qualcomm Snapdragon Octa-Core-Prozessor mit 2 GHz, einen schnellladef\u00e4higen 4.500 mAh Lithium-Ionen-Akku und eine leistungsstarke Honeywell S0703 Scan-Engine, die auch besch\u00e4digte oder unvollst\u00e4ndige Barcodes schnell und genau erfasst. Der herausragende 5,45&#8243;-Touchscreen mit Gorilla Glass und das ergonomische, schlanke Industriedesign tragen dazu bei, den Benutzerkomfort und die Benutzererfahrung erheblich zu verbessern. Zudem erm\u00f6glicht die 13-Megapixel-Kamera auf der R\u00fcckseite die Aufnahme von hochaufl\u00f6senden Bildern f\u00fcr eine hochwertige Bilddokumentation und die 5-Megapixel-Kamera auf der Vorderseite die Videokommunikation.<\/p>\n<ul>\n<li>5,5&#8243;-Enterprise-Mobilcomputer mit Android-Betriebssystem<\/li>\n<li>S0703 Scan-Engine, liest auch besch\u00e4digte oder unvollst\u00e4ndige Barcodes<\/li>\n<li>2 GHz Qualcomm Snapdragon Octa-Core-Prozessor, 4.500 mAh Akku<\/li>\n<li>5-MP-Frontkamera und r\u00fcckseitige 13-MP-Kamera<\/li>\n<li>Drahtloskonnektivit\u00e4t: NFC, Wi-Fi 5, Bluetooth 5.1 und 4G LTE<\/li>\n<\/ul>\n","protected":false},"excerpt":{"rendered":"<p>5,5&#8243;-Enterprise-MDE mit Android<\/p>\n","protected":false},"featured_media":260926,"template":"","meta":[],"product_brand":[],"product_cat":[843],"product_tag":[],"class_list":{"0":"post-260738","1":"product","2":"type-product","3":"status-publish","4":"has-post-thumbnail","6":"product_cat-mobile-datenerfassung","7":"product_shipping_class-standard","8":"tm-has-options","10":"first","11":"instock","12":"taxable","13":"shipping-taxable","14":"purchasable","15":"product-type-variable"},"group_of_quantity":0,"min_quantity":0,"max_quantity":"","exclude_order_quantity_value_rules":"no","exclude_category_quantity_rules":"no","combine_variations":"no","_links":{"self":[{"href":"https:\/\/sundsits.com\/en\/wp-json\/wp\/v2\/product\/260738","targetHints":{"allow":["GET"]}}],"collection":[{"href":"https:\/\/sundsits.com\/en\/wp-json\/wp\/v2\/product"}],"about":[{"href":"https:\/\/sundsits.com\/en\/wp-json\/wp\/v2\/types\/product"}],"wp:featuredmedia":[{"embeddable":true,"href":"https:\/\/sundsits.com\/en\/wp-json\/wp\/v2\/media\/260926"}],"wp:attachment":[{"href":"https:\/\/sundsits.com\/en\/wp-json\/wp\/v2\/media?parent=260738"}],"wp:term":[{"taxonomy":"product_brand","embeddable":true,"href":"https:\/\/sundsits.com\/en\/wp-json\/wp\/v2\/product_brand?post=260738"},{"taxonomy":"product_cat","embeddable":true,"href":"https:\/\/sundsits.com\/en\/wp-json\/wp\/v2\/product_cat?post=260738"},{"taxonomy":"product_tag","embeddable":true,"href":"https:\/\/sundsits.com\/en\/wp-json\/wp\/v2\/product_tag?post=260738"}],"curies":[{"name":"wp","href":"https:\/\/api.w.org\/{rel}","templated":true}]}}