{"id":260697,"date":"2022-10-19T10:34:03","date_gmt":"2022-10-19T08:34:03","guid":{"rendered":"https:\/\/www.sundsits.de\/produkt\/honeywell-scanpal-eda51\/"},"modified":"2025-03-14T13:02:54","modified_gmt":"2025-03-14T12:02:54","slug":"honeywell-scanpal-eda51","status":"publish","type":"product","link":"https:\/\/sundsits.com\/en\/honeywell-scanpal-eda51\/","title":{"rendered":"Honeywell ScanPal EDA51"},"content":{"rendered":"<h4>Scanpal, der Mehrzweck MDE<\/h4>\n<ul>\n<li>Full-Touch-Mobilterminal mit sehr gutem Preis-Leistungsverh\u00e4ltnis<\/li>\n<li>Betriebssystem Android, von Honeywell unterst\u00fctzt bis Android 10<\/li>\n<li>Helles 5&#8221;-Multitouch-Display<\/li>\n<li>Integrierter Scanner f\u00fcr 1D- und 2D-Barcodes<\/li>\n<li>IP64-zertifiziert\/1,2 m sturzsicher<\/li>\n<\/ul>\n<p>Der Honeywell Full-Touch-Mobilterminal EDA51 ist mit einem 5&#8221;-Multitouch-Display und einem leistungsstarken, austauschbaren Akku ausgestattet \u2013 und damit ideal f\u00fcr kleinere Unternehmen in Einzelhandel, Transport, Logistik und Au\u00dfendienst. Honeywell hat den Full-Touch-Mobilterminal mit dem Betriebssystem Android ausgestattet und unterst\u00fctzt Ihre Kunden mit Support und Updates bis zu den Versionen P und Q. F\u00fcr Ihre Kunden bedeutet das: Viel weniger Aufwand bei der Integration, reduzierte Kosten und mehr Flexibilit\u00e4t. Zudem ist der ScanPal EDA51 mit Zubeh\u00f6r, Akkus und Ladeger\u00e4ten des EDA50 kompatibel.<\/p>\n<p>Dank eines integrierten Barcodescanners mit schneller N6603-Slim Imager-Technologie ist die Erfassung g\u00e4ngiger 1D- und 2D-Barcodes mit dem EDA51 ganz einfach. F\u00fcr eine hervorragende Performance sorgt ein SDM450 Octa-Core-Prozessor mit 1,8 GHz, 2 GB RAM und ein 16 GB Flashspeicher. Auch die Konnektivit\u00e4t des EDA51 kann sich sehen lassen: WLAN (802.11a\/b\/g\/n\/ac), LTE, GSM &amp; EDGE 2\/3\/5\/8, Bluetooth 4.2, NFC, USB und optionales WWAN. Der Full-Touch-Mobilterminal ist nach IP64-zertifiziert und aus 1,2 m sturzsicher.<\/p>\n","protected":false},"excerpt":{"rendered":"<p>Zukunftsf\u00e4higes Mehrzweck-MDE<\/p>\n","protected":false},"featured_media":260925,"template":"","meta":{"_angie_page":false},"product_brand":[],"product_cat":[843],"product_tag":[],"class_list":{"0":"post-260697","1":"product","2":"type-product","3":"status-publish","4":"has-post-thumbnail","6":"product_cat-mobile-datenerfassung","7":"product_shipping_class-standard","8":"tm-no-options","10":"first","11":"outofstock","12":"taxable","13":"shipping-taxable","14":"purchasable","15":"product-type-variable"},"group_of_quantity":0,"min_quantity":0,"max_quantity":"","exclude_order_quantity_value_rules":"no","exclude_category_quantity_rules":"no","combine_variations":"no","_links":{"self":[{"href":"https:\/\/sundsits.com\/en\/wp-json\/wp\/v2\/product\/260697","targetHints":{"allow":["GET"]}}],"collection":[{"href":"https:\/\/sundsits.com\/en\/wp-json\/wp\/v2\/product"}],"about":[{"href":"https:\/\/sundsits.com\/en\/wp-json\/wp\/v2\/types\/product"}],"wp:featuredmedia":[{"embeddable":true,"href":"https:\/\/sundsits.com\/en\/wp-json\/wp\/v2\/media\/260925"}],"wp:attachment":[{"href":"https:\/\/sundsits.com\/en\/wp-json\/wp\/v2\/media?parent=260697"}],"wp:term":[{"taxonomy":"product_brand","embeddable":true,"href":"https:\/\/sundsits.com\/en\/wp-json\/wp\/v2\/product_brand?post=260697"},{"taxonomy":"product_cat","embeddable":true,"href":"https:\/\/sundsits.com\/en\/wp-json\/wp\/v2\/product_cat?post=260697"},{"taxonomy":"product_tag","embeddable":true,"href":"https:\/\/sundsits.com\/en\/wp-json\/wp\/v2\/product_tag?post=260697"}],"curies":[{"name":"wp","href":"https:\/\/api.w.org\/{rel}","templated":true}]}}