{"id":255981,"date":"2021-09-06T19:08:06","date_gmt":"2021-09-06T17:08:06","guid":{"rendered":"https:\/\/www.sundsits.de\/produkt\/jtl-pos-serviceabo\/"},"modified":"2026-04-01T15:15:16","modified_gmt":"2026-04-01T13:15:16","slug":"jtl-pos-service","status":"publish","type":"product","link":"https:\/\/sundsits.com\/en\/jtl-pos-service\/","title":{"rendered":"JTL-POS Service"},"content":{"rendered":"<p>Mit das wichtigste f\u00fcr Ihr Gesch\u00e4ft sind Kassen und nur durch regelm\u00e4\u00dfige Wartungen k\u00f6nnen Sie diese optimal am Laufenden halten. Deshalb helfen wir Ihnen jederzeit mit der Wartung und dem JTL Service Abos weiter. Die Wartung wird automatisch und schnell ausgef\u00fchrt, dadurch ist das System Ihrer Kasse immer aktuell und einsatzbereit.<\/p>\n<p>Mithilfe des Patch Management f\u00fcr die Hardware schlie\u00dfen wir auch die Sicherheitsl\u00fccken und Stabilit\u00e4tsprobleme der Kasse.<\/p>\n<p>Abgesehen von der Wartung helfen wir Ihnen auch noch bei:<\/p>\n<ul>\n<li>Updates f\u00fcr JTLPOS<\/li>\n<li>Monitoring der Hardware<\/li>\n<li>Firmwareupdates<\/li>\n<\/ul>\n<p><span style=\"font-size: 9pt\">Monatliches Abo.<br \/>\nGilt pro Kasse in Zusammenhang mit der Seriennummer.<br \/>\nVertragslaufzeit betr\u00e4gt 6 Monate, k\u00fcndbar 4 Wochen vor Laufzeitende.<\/span><\/p>\n","protected":false},"excerpt":{"rendered":"<p>Service\u00a0f\u00fcr Ihre JTL-POS<\/p>\n","protected":false},"featured_media":275097,"template":"","meta":[],"product_brand":[],"product_cat":[741],"product_tag":[],"class_list":{"0":"post-255981","1":"product","2":"type-product","3":"status-publish","4":"has-post-thumbnail","6":"product_cat-services","7":"product_shipping_class-dienstleistung","8":"tm-no-options","10":"first","11":"instock","12":"taxable","13":"shipping-taxable","14":"purchasable","15":"product-type-variable-subscription"},"group_of_quantity":0,"min_quantity":0,"max_quantity":"","exclude_order_quantity_value_rules":"no","exclude_category_quantity_rules":"no","combine_variations":"no","_links":{"self":[{"href":"https:\/\/sundsits.com\/en\/wp-json\/wp\/v2\/product\/255981","targetHints":{"allow":["GET"]}}],"collection":[{"href":"https:\/\/sundsits.com\/en\/wp-json\/wp\/v2\/product"}],"about":[{"href":"https:\/\/sundsits.com\/en\/wp-json\/wp\/v2\/types\/product"}],"wp:featuredmedia":[{"embeddable":true,"href":"https:\/\/sundsits.com\/en\/wp-json\/wp\/v2\/media\/275097"}],"wp:attachment":[{"href":"https:\/\/sundsits.com\/en\/wp-json\/wp\/v2\/media?parent=255981"}],"wp:term":[{"taxonomy":"product_brand","embeddable":true,"href":"https:\/\/sundsits.com\/en\/wp-json\/wp\/v2\/product_brand?post=255981"},{"taxonomy":"product_cat","embeddable":true,"href":"https:\/\/sundsits.com\/en\/wp-json\/wp\/v2\/product_cat?post=255981"},{"taxonomy":"product_tag","embeddable":true,"href":"https:\/\/sundsits.com\/en\/wp-json\/wp\/v2\/product_tag?post=255981"}],"curies":[{"name":"wp","href":"https:\/\/api.w.org\/{rel}","templated":true}]}}