{"id":301340,"date":"2026-05-12T15:09:55","date_gmt":"2026-05-12T13:09:55","guid":{"rendered":"https:\/\/sundsits.com\/?page_id=301340"},"modified":"2026-05-12T17:16:05","modified_gmt":"2026-05-12T15:16:05","slug":"blog","status":"publish","type":"page","link":"https:\/\/sundsits.com\/en\/blog\/","title":{"rendered":"Blog"},"content":{"rendered":"\t\t<div data-elementor-type=\"wp-page\" data-elementor-id=\"301340\" class=\"elementor elementor-301340\" data-elementor-post-type=\"page\">\n\t\t\t\t<div class=\"elementor-element elementor-element-c62a9b4 e-con-full e-flex e-con e-parent\" data-id=\"c62a9b4\" data-element_type=\"container\" data-e-type=\"container\">\n\t\t<div class=\"elementor-element elementor-element-ee77c51 e-con-full e-flex e-con e-child\" data-id=\"ee77c51\" data-element_type=\"container\" data-e-type=\"container\">\n\t\t\t\t<div class=\"elementor-element elementor-element-8c49593 elementor-widget__width-initial elementor-widget elementor-widget-heading\" data-id=\"8c49593\" data-element_type=\"widget\" data-e-type=\"widget\" data-widget_type=\"heading.default\">\n\t\t\t\t\t<h2 class=\"elementor-heading-title elementor-size-default\">Blog<\/h2>\t\t\t\t<\/div>\n\t\t\t\t<\/div>\n\t\t<div class=\"elementor-element elementor-element-cb1dad9 e-con-full e-flex e-con e-child\" data-id=\"cb1dad9\" data-element_type=\"container\" data-e-type=\"container\">\n\t\t\t\t<div class=\"elementor-element elementor-element-f5a63cd elementor-grid-3 elementor-grid-tablet-2 elementor-grid-mobile-1 elementor-posts--thumbnail-top elementor-card-shadow-yes elementor-posts__hover-gradient elementor-widget elementor-widget-posts\" data-id=\"f5a63cd\" data-element_type=\"widget\" data-e-type=\"widget\" data-settings=\"{&quot;cards_columns&quot;:&quot;3&quot;,&quot;cards_columns_tablet&quot;:&quot;2&quot;,&quot;cards_columns_mobile&quot;:&quot;1&quot;,&quot;cards_row_gap&quot;:{&quot;unit&quot;:&quot;px&quot;,&quot;size&quot;:35,&quot;sizes&quot;:[]},&quot;cards_row_gap_tablet&quot;:{&quot;unit&quot;:&quot;px&quot;,&quot;size&quot;:&quot;&quot;,&quot;sizes&quot;:[]},&quot;cards_row_gap_mobile&quot;:{&quot;unit&quot;:&quot;px&quot;,&quot;size&quot;:&quot;&quot;,&quot;sizes&quot;:[]}}\" data-widget_type=\"posts.cards\">\n\t\t\t\t<div class=\"elementor-widget-container\">\n\t\t\t\t\t\t\t<div class=\"elementor-posts-container elementor-posts elementor-posts--skin-cards elementor-grid\" role=\"list\">\n\t\t\t\t<article class=\"elementor-post elementor-grid-item post-301401 post type-post status-publish format-standard has-post-thumbnail hentry category-news\" role=\"listitem\">\n\t\t\t<div class=\"elementor-post__card\">\n\t\t\t\t<a class=\"elementor-post__thumbnail__link\" href=\"https:\/\/sundsits.com\/en\/wichtige-gesetzliche-aenderung-fuer-b2c-shops-widerrufsbutton-wird-pflicht\/\" tabindex=\"-1\" target=\"_blank\"><div class=\"elementor-post__thumbnail\"><img fetchpriority=\"high\" decoding=\"async\" width=\"675\" height=\"450\" src=\"https:\/\/sundsits.com\/wp-content\/uploads\/2026\/03\/Widerrufsbutton-neu-klein-600x450-1.png\" class=\"attachment-full size-full wp-image-301086\" alt=\"Widerrufsbutton\" srcset=\"https:\/\/sundsits.com\/wp-content\/uploads\/2026\/03\/Widerrufsbutton-neu-klein-600x450-1.png 675w, https:\/\/sundsits.com\/wp-content\/uploads\/2026\/03\/Widerrufsbutton-neu-klein-600x450-1-300x200.png 300w, https:\/\/sundsits.com\/wp-content\/uploads\/2026\/03\/Widerrufsbutton-neu-klein-600x450-1-360x240.png 360w, https:\/\/sundsits.com\/wp-content\/uploads\/2026\/03\/Widerrufsbutton-neu-klein-600x450-1-441x294.png 441w, https:\/\/sundsits.com\/wp-content\/uploads\/2026\/03\/Widerrufsbutton-neu-klein-600x450-1-400x267.png 400w, https:\/\/sundsits.com\/wp-content\/uploads\/2026\/03\/Widerrufsbutton-neu-klein-600x450-1-150x100.png 150w\" sizes=\"(max-width: 675px) 100vw, 675px\" title=\"\"><\/div><\/a>\n\t\t\t\t<div class=\"elementor-post__badge\">News<\/div>\n\t\t\t\t<div class=\"elementor-post__text\">\n\t\t\t\t<h3 class=\"elementor-post__title\">\n\t\t\t<a href=\"https:\/\/sundsits.com\/en\/wichtige-gesetzliche-aenderung-fuer-b2c-shops-widerrufsbutton-wird-pflicht\/\">\n\t\t\t\tWichtige gesetzliche \u00c4nderung f\u00fcr B2C-Shops: Widerrufsbutton wird Pflicht\t\t\t<\/a>\n\t\t<\/h3>\n\t\t\t\t<div class=\"elementor-post__excerpt\">\n\t\t\t<p>Ab dem 19.06.2026 wird der Widerrufsbutton f\u00fcr B2C-Onlineshops gesetzlich verpflichtend. Verbraucher m\u00fcssen dann die M\u00f6glichkeit haben, online geschlossene Vertr\u00e4ge direkt und einfach \u00fcber den Shop zu widerrufen. F\u00fcr Shopbetreiber bedeutet das: Die technische Umsetzung sollte fr\u00fchzeitig geplant werden, damit der Widerrufsprozess rechtzeitig, sauber und passend zur bestehenden Shopstruktur integriert werden<\/p>\n\t\t<\/div>\n\t\t\t\t\t<div class=\"elementor-post__read-more-wrapper\">\n\t\t\n\t\t<a class=\"elementor-post__read-more\" href=\"https:\/\/sundsits.com\/en\/wichtige-gesetzliche-aenderung-fuer-b2c-shops-widerrufsbutton-wird-pflicht\/\" aria-label=\"Read more about Wichtige gesetzliche \u00c4nderung f\u00fcr B2C-Shops: Widerrufsbutton wird Pflicht\" tabindex=\"-1\" target=\"_blank\">\n\t\t\tWeiterlesen \u00bb\t\t<\/a>\n\n\t\t\t\t\t<\/div>\n\t\t\t\t<\/div>\n\t\t\t\t<div class=\"elementor-post__meta-data\">\n\t\t\t\t\t<span class=\"elementor-post-date\">\n\t\t\t12. May 2026\t\t<\/span>\n\t\t\t\t<\/div>\n\t\t\t\t\t<\/div>\n\t\t<\/article>\n\t\t\t\t<article class=\"elementor-post elementor-grid-item post-301378 post type-post status-publish format-standard has-post-thumbnail hentry category-blog\" role=\"listitem\">\n\t\t\t<div class=\"elementor-post__card\">\n\t\t\t\t<a class=\"elementor-post__thumbnail__link\" href=\"https:\/\/sundsits.com\/en\/multichannelday-koeln-2026-was-haendler-wirklich-beschaeftigt\/\" tabindex=\"-1\" target=\"_blank\"><div class=\"elementor-post__thumbnail\"><img decoding=\"async\" width=\"1770\" height=\"1328\" src=\"https:\/\/sundsits.com\/wp-content\/uploads\/2026\/05\/Medien-40-1.jpg\" class=\"attachment-full size-full wp-image-301290\" alt=\"\" srcset=\"https:\/\/sundsits.com\/wp-content\/uploads\/2026\/05\/Medien-40-1.jpg 1770w, https:\/\/sundsits.com\/wp-content\/uploads\/2026\/05\/Medien-40-1-300x225.jpg 300w, https:\/\/sundsits.com\/wp-content\/uploads\/2026\/05\/Medien-40-1-1024x768.jpg 1024w, https:\/\/sundsits.com\/wp-content\/uploads\/2026\/05\/Medien-40-1-768x576.jpg 768w, https:\/\/sundsits.com\/wp-content\/uploads\/2026\/05\/Medien-40-1-1536x1152.jpg 1536w, https:\/\/sundsits.com\/wp-content\/uploads\/2026\/05\/Medien-40-1-360x270.jpg 360w, https:\/\/sundsits.com\/wp-content\/uploads\/2026\/05\/Medien-40-1-990x743.jpg 990w, https:\/\/sundsits.com\/wp-content\/uploads\/2026\/05\/Medien-40-1-441x331.jpg 441w, https:\/\/sundsits.com\/wp-content\/uploads\/2026\/05\/Medien-40-1-400x300.jpg 400w, https:\/\/sundsits.com\/wp-content\/uploads\/2026\/05\/Medien-40-1-150x113.jpg 150w\" sizes=\"(max-width: 1770px) 100vw, 1770px\" title=\"\"><\/div><\/a>\n\t\t\t\t<div class=\"elementor-post__badge\">Blog<\/div>\n\t\t\t\t<div class=\"elementor-post__text\">\n\t\t\t\t<h3 class=\"elementor-post__title\">\n\t\t\t<a href=\"https:\/\/sundsits.com\/en\/multichannelday-koeln-2026-was-haendler-wirklich-beschaeftigt\/\">\n\t\t\t\tMultichannelDay K\u00f6ln 2026: Was H\u00e4ndler wirklich besch\u00e4ftigt\t\t\t<\/a>\n\t\t<\/h3>\n\t\t\t\t<div class=\"elementor-post__excerpt\">\n\t\t\t<p>Der MultichannelDay in K\u00f6ln ist f\u00fcr uns jedes Jahr ein fester Termin. Nicht, weil dort die n\u00e4chsten gro\u00dfen Buzzwords durch die Halle fliegen. Sondern weil man dort sehr schnell merkt, was H\u00e4ndler, Partner und Anbieter im Alltag wirklich bewegt. Auch 2026 war wieder klar: Der Handel ist l\u00e4ngst digital. Die<\/p>\n\t\t<\/div>\n\t\t\t\t\t<div class=\"elementor-post__read-more-wrapper\">\n\t\t\n\t\t<a class=\"elementor-post__read-more\" href=\"https:\/\/sundsits.com\/en\/multichannelday-koeln-2026-was-haendler-wirklich-beschaeftigt\/\" aria-label=\"Read more about MultichannelDay K\u00f6ln 2026: Was H\u00e4ndler wirklich besch\u00e4ftigt\" tabindex=\"-1\" target=\"_blank\">\n\t\t\tWeiterlesen \u00bb\t\t<\/a>\n\n\t\t\t\t\t<\/div>\n\t\t\t\t<\/div>\n\t\t\t\t<div class=\"elementor-post__meta-data\">\n\t\t\t\t\t<span class=\"elementor-post-date\">\n\t\t\t12. May 2026\t\t<\/span>\n\t\t\t\t<\/div>\n\t\t\t\t\t<\/div>\n\t\t<\/article>\n\t\t\t\t<article class=\"elementor-post elementor-grid-item post-273238 post type-post status-publish format-standard hentry category-nicht-kategorisiert category-updates\" role=\"listitem\">\n\t\t\t<div class=\"elementor-post__card\">\n\t\t\t\t<div class=\"elementor-post__text\">\n\t\t\t\t<h3 class=\"elementor-post__title\">\n\t\t\t<a href=\"https:\/\/sundsits.com\/en\/sepa-lastschrift-online\/\">\n\t\t\t\tSEPA Mandat Online Einfach. Sicher. Automatisiert.\t\t\t<\/a>\n\t\t<\/h3>\n\t\t\t\t<div class=\"elementor-post__excerpt\">\n\t\t\t<p>Was ist eine SEPA-Lastschrift und warum ist sie sinnvoll? Mit der Einf\u00fchrung der SEPA-Lastschrift bei SundS ITS wird das Bezahlen f\u00fcr Sie jetzt noch einfacher und bequemer. Ab sofort k\u00f6nnen Zahlungen nicht nur sicher und unkompliziert erfolgen \u2013 unser SEPA-Lastschriftverfahren steht auch in mehreren europ\u00e4ischen L\u00e4ndern zur Verf\u00fcgung! Damit bieten<\/p>\n\t\t<\/div>\n\t\t\t\t\t<div class=\"elementor-post__read-more-wrapper\">\n\t\t\n\t\t<a class=\"elementor-post__read-more\" href=\"https:\/\/sundsits.com\/en\/sepa-lastschrift-online\/\" aria-label=\"Read more about SEPA Mandat Online Einfach. Sicher. Automatisiert.\" tabindex=\"-1\" target=\"_blank\">\n\t\t\tWeiterlesen \u00bb\t\t<\/a>\n\n\t\t\t\t\t<\/div>\n\t\t\t\t<\/div>\n\t\t\t\t<div class=\"elementor-post__meta-data\">\n\t\t\t\t\t<span class=\"elementor-post-date\">\n\t\t\t5. December 2024\t\t<\/span>\n\t\t\t\t<\/div>\n\t\t\t\t\t<\/div>\n\t\t<\/article>\n\t\t\t\t<article class=\"elementor-post elementor-grid-item post-272966 post type-post status-publish format-standard hentry category-nicht-kategorisiert category-tipps-tricks\" role=\"listitem\">\n\t\t\t<div class=\"elementor-post__card\">\n\t\t\t\t<div class=\"elementor-post__text\">\n\t\t\t\t<h3 class=\"elementor-post__title\">\n\t\t\t<a href=\"https:\/\/sundsits.com\/en\/fallstudie-wie-ein-einzelhaendler-durch-moderne-pos-hardware-und-software-seinen-umsatz-um-30-steigerte-erfolgsstrategien-und-implementierungsprozess-fuer-geschaeftsinhaber\/\">\n\t\t\t\tFallstudie: Wie ein Einzelh\u00e4ndler durch moderne POS-Hardware und -Software seinen Umsatz um 30 % steigerte &#8211; Erfolgsstrategien und Implementierungsprozess f\u00fcr Gesch\u00e4ftsinhaber.\t\t\t<\/a>\n\t\t<\/h3>\n\t\t\t\t<div class=\"elementor-post__excerpt\">\n\t\t\t<p>Einf\u00fchrung In der heutigen Einzelhandelslandschaft ist die Auswahl der richtigen Technologie entscheidend f\u00fcr den Gesch\u00e4ftserfolg. Ein bemerkenswerter Fall ist der eines Einzelh\u00e4ndlers, der durch die Implementierung moderner POS-Hardware und -Software eine Umsatzsteigerung von 30 % erzielte. Diese Fallstudie untersucht die Strategien, die zu dieser Transformation f\u00fchrten, und bietet wertvolle Einblicke<\/p>\n\t\t<\/div>\n\t\t\t\t\t<div class=\"elementor-post__read-more-wrapper\">\n\t\t\n\t\t<a class=\"elementor-post__read-more\" href=\"https:\/\/sundsits.com\/en\/fallstudie-wie-ein-einzelhaendler-durch-moderne-pos-hardware-und-software-seinen-umsatz-um-30-steigerte-erfolgsstrategien-und-implementierungsprozess-fuer-geschaeftsinhaber\/\" aria-label=\"Read more about Fallstudie: Wie ein Einzelh\u00e4ndler durch moderne POS-Hardware und -Software seinen Umsatz um 30 % steigerte &#8211; Erfolgsstrategien und Implementierungsprozess f\u00fcr Gesch\u00e4ftsinhaber.\" tabindex=\"-1\" target=\"_blank\">\n\t\t\tWeiterlesen \u00bb\t\t<\/a>\n\n\t\t\t\t\t<\/div>\n\t\t\t\t<\/div>\n\t\t\t\t<div class=\"elementor-post__meta-data\">\n\t\t\t\t\t<span class=\"elementor-post-date\">\n\t\t\t30. October 2024\t\t<\/span>\n\t\t\t\t<\/div>\n\t\t\t\t\t<\/div>\n\t\t<\/article>\n\t\t\t\t<article class=\"elementor-post elementor-grid-item post-269054 post type-post status-publish format-standard hentry category-nicht-kategorisiert\" role=\"listitem\">\n\t\t\t<div class=\"elementor-post__card\">\n\t\t\t\t<div class=\"elementor-post__text\">\n\t\t\t\t<h3 class=\"elementor-post__title\">\n\t\t\t<a href=\"https:\/\/sundsits.com\/en\/google-consent-mode-v2\/\">\n\t\t\t\tGoogle Consent Mode V2\t\t\t<\/a>\n\t\t<\/h3>\n\t\t\t\t<div class=\"elementor-post__excerpt\">\n\t\t\t<p>Hallo liebe Kunden und Partner, nichts ist so best\u00e4ndig wie der Wandel. Auf uns kommt leider bis Anfang M\u00e4rz eine gro\u00dfe \u00c4nderung der Datenerfassung in Google Ads zu. Diese Meldung trifft nach und nach alle Ads Konten. Wir m\u00fcssen aufgrund des Digital Services Acts handeln und das Tracking \u00fcberarbeiten. *<\/p>\n\t\t<\/div>\n\t\t\t\t\t<div class=\"elementor-post__read-more-wrapper\">\n\t\t\n\t\t<a class=\"elementor-post__read-more\" href=\"https:\/\/sundsits.com\/en\/google-consent-mode-v2\/\" aria-label=\"Read more about Google Consent Mode V2\" tabindex=\"-1\" target=\"_blank\">\n\t\t\tWeiterlesen \u00bb\t\t<\/a>\n\n\t\t\t\t\t<\/div>\n\t\t\t\t<\/div>\n\t\t\t\t<div class=\"elementor-post__meta-data\">\n\t\t\t\t\t<span class=\"elementor-post-date\">\n\t\t\t6. February 2024\t\t<\/span>\n\t\t\t\t<\/div>\n\t\t\t\t\t<\/div>\n\t\t<\/article>\n\t\t\t\t<article class=\"elementor-post elementor-grid-item post-268434 post type-post status-publish format-standard hentry category-neue-produkte\" role=\"listitem\">\n\t\t\t<div class=\"elementor-post__card\">\n\t\t\t\t<div class=\"elementor-post__text\">\n\t\t\t\t<h3 class=\"elementor-post__title\">\n\t\t\t<a href=\"https:\/\/sundsits.com\/en\/ert-notfall-ticket-immer-fuer-sie-erreichbar\/\">\n\t\t\t\tERT &#8211; Notfall Ticket\u00a0 IMMER f\u00fcr sie erreichbar!\t\t\t<\/a>\n\t\t<\/h3>\n\t\t\t\t<div class=\"elementor-post__excerpt\">\n\t\t\t<p>Ab sofort f\u00fcr jeden Kunden m\u00f6glich! ERT &#8211; Notfall Tickets Ab sofort bieten wir all unseren Kunden im Helpdesk oder Service Management die M\u00f6glichkeit Notfall Tickets zu er\u00f6ffnen. Alle Kunden finden hierf\u00fcr im ServiceDesk einen neuen Bereich &#8220;EmergencyResponseTicket &#8211; ERT&#8221; mit neuen Logo. Diese Tickets werden, unabh\u00e4ngig von ihrem Servicelevel<\/p>\n\t\t<\/div>\n\t\t\t\t\t<div class=\"elementor-post__read-more-wrapper\">\n\t\t\n\t\t<a class=\"elementor-post__read-more\" href=\"https:\/\/sundsits.com\/en\/ert-notfall-ticket-immer-fuer-sie-erreichbar\/\" aria-label=\"Read more about ERT &#8211; Notfall Ticket\u00a0 IMMER f\u00fcr sie erreichbar!\" tabindex=\"-1\" target=\"_blank\">\n\t\t\tWeiterlesen \u00bb\t\t<\/a>\n\n\t\t\t\t\t<\/div>\n\t\t\t\t<\/div>\n\t\t\t\t<div class=\"elementor-post__meta-data\">\n\t\t\t\t\t<span class=\"elementor-post-date\">\n\t\t\t6. February 2024\t\t<\/span>\n\t\t\t\t<\/div>\n\t\t\t\t\t<\/div>\n\t\t<\/article>\n\t\t\t\t<article class=\"elementor-post elementor-grid-item post-268440 post type-post status-publish format-standard hentry category-aktion\" role=\"listitem\">\n\t\t\t<div class=\"elementor-post__card\">\n\t\t\t\t<div class=\"elementor-post__text\">\n\t\t\t\t<h3 class=\"elementor-post__title\">\n\t\t\t<a href=\"https:\/\/sundsits.com\/en\/weihnachts-rabatt-aktion-2023\/\">\n\t\t\t\tWeihnachts Rabatt Aktion 2023\t\t\t<\/a>\n\t\t<\/h3>\n\t\t\t\t<div class=\"elementor-post__excerpt\">\n\t\t\t<p>Zum Ende des Jahres m\u00f6chten wir ihnen ein besonderes Geschenk machen. Suchen Sie sich gern ihren Weihnachtsrabatt aus oder kombinieren sie! \u00ad 15% Rabatt auf plentyPOS Set Pro Kassieren Sie wie ein Profi mit plentyPOS und unserem Hardware Set. Mit dem Rabattcode: plentyWEIH23 gibt es 15% Rabatt auf das Set*.[button<\/p>\n\t\t<\/div>\n\t\t\t\t\t<div class=\"elementor-post__read-more-wrapper\">\n\t\t\n\t\t<a class=\"elementor-post__read-more\" href=\"https:\/\/sundsits.com\/en\/weihnachts-rabatt-aktion-2023\/\" aria-label=\"Read more about Weihnachts Rabatt Aktion 2023\" tabindex=\"-1\" target=\"_blank\">\n\t\t\tWeiterlesen \u00bb\t\t<\/a>\n\n\t\t\t\t\t<\/div>\n\t\t\t\t<\/div>\n\t\t\t\t<div class=\"elementor-post__meta-data\">\n\t\t\t\t\t<span class=\"elementor-post-date\">\n\t\t\t6. December 2023\t\t<\/span>\n\t\t\t\t<\/div>\n\t\t\t\t\t<\/div>\n\t\t<\/article>\n\t\t\t\t<article class=\"elementor-post elementor-grid-item post-268230 post type-post status-publish format-standard hentry category-aktion category-nicht-kategorisiert category-tipps-tricks\" role=\"listitem\">\n\t\t\t<div class=\"elementor-post__card\">\n\t\t\t\t<div class=\"elementor-post__text\">\n\t\t\t\t<h3 class=\"elementor-post__title\">\n\t\t\t<a href=\"https:\/\/sundsits.com\/en\/plentypos-auslauf-updates-fuer-elo-i-series-1-2-3-besser-upgraden\/\">\n\t\t\t\tplentyPOS Auslauf Updates f\u00fcr ELO i-Series 1, 2, 3 &#8211; besser Upgraden!\t\t\t<\/a>\n\t\t<\/h3>\n\t\t\t\t<div class=\"elementor-post__excerpt\">\n\t\t\t<p>plentyPOS\u00a0 ELO Upgrade Aktion Bleib up-to-date mit deinem plentyPOS! Ab Q4 2023 ist es notwendig alle ELO i-Series Tablets mit Android der Serien 1.0, 2.0 &amp; 3.0 auszutauschen. ELO stellt f\u00fcr diese Kassen keine Sicherheitsupdates mehr zur Verf\u00fcgung und daher sollten diese nicht mehr als Kassen verwendet werden. Den Gesetzestext<\/p>\n\t\t<\/div>\n\t\t\t\t\t<div class=\"elementor-post__read-more-wrapper\">\n\t\t\n\t\t<a class=\"elementor-post__read-more\" href=\"https:\/\/sundsits.com\/en\/plentypos-auslauf-updates-fuer-elo-i-series-1-2-3-besser-upgraden\/\" aria-label=\"Read more about plentyPOS Auslauf Updates f\u00fcr ELO i-Series 1, 2, 3 &#8211; besser Upgraden!\" tabindex=\"-1\" target=\"_blank\">\n\t\t\tWeiterlesen \u00bb\t\t<\/a>\n\n\t\t\t\t\t<\/div>\n\t\t\t\t<\/div>\n\t\t\t\t<div class=\"elementor-post__meta-data\">\n\t\t\t\t\t<span class=\"elementor-post-date\">\n\t\t\t10. November 2023\t\t<\/span>\n\t\t\t\t<\/div>\n\t\t\t\t\t<\/div>\n\t\t<\/article>\n\t\t\t\t<article class=\"elementor-post elementor-grid-item post-262850 post type-post status-publish format-standard hentry category-tipps-tricks category-nicht-kategorisiert\" role=\"listitem\">\n\t\t\t<div class=\"elementor-post__card\">\n\t\t\t\t<div class=\"elementor-post__text\">\n\t\t\t\t<h3 class=\"elementor-post__title\">\n\t\t\t<a href=\"https:\/\/sundsits.com\/en\/sunds-its-plentypos-tse-checkup\/\">\n\t\t\t\tSundS ITS plentyPOS TSE Checkup\t\t\t<\/a>\n\t\t<\/h3>\n\t\t\t\t<div class=\"elementor-post__excerpt\">\n\t\t\t<p>Seit dem 01.01.2023 ist es in Deutschland nicht mehr zul\u00e4ssig eine Kasse ohne eine g\u00fcltige TSE zu betreiben. Gem\u00e4\u00df der Kassensicherungsverordnung\u00a0&#8211;\u00a0KassenSichV. Daher m\u00f6chten wir Sie zu einem kurzen Checkup einladen. \u00dcberpr\u00fcfen Sie bitte in Ihrem Sinne einmal: 1.) Ob in Ihrem System die TSE richtig hinterlegt ist? 2.) Ob Ihre<\/p>\n\t\t<\/div>\n\t\t\t\t\t<div class=\"elementor-post__read-more-wrapper\">\n\t\t\n\t\t<a class=\"elementor-post__read-more\" href=\"https:\/\/sundsits.com\/en\/sunds-its-plentypos-tse-checkup\/\" aria-label=\"Read more about SundS ITS plentyPOS TSE Checkup\" tabindex=\"-1\" target=\"_blank\">\n\t\t\tWeiterlesen \u00bb\t\t<\/a>\n\n\t\t\t\t\t<\/div>\n\t\t\t\t<\/div>\n\t\t\t\t<div class=\"elementor-post__meta-data\">\n\t\t\t\t\t<span class=\"elementor-post-date\">\n\t\t\t3. May 2023\t\t<\/span>\n\t\t\t\t<\/div>\n\t\t\t\t\t<\/div>\n\t\t<\/article>\n\t\t\t\t<article class=\"elementor-post elementor-grid-item post-260020 post type-post status-publish format-standard hentry category-nicht-kategorisiert\" role=\"listitem\">\n\t\t\t<div class=\"elementor-post__card\">\n\t\t\t\t<div class=\"elementor-post__text\">\n\t\t\t\t<h3 class=\"elementor-post__title\">\n\t\t\t<a href=\"https:\/\/sundsits.com\/en\/zettle-gemacht-fuer-mehr\/\">\n\t\t\t\tZettle \u2013 gemacht f\u00fcr mehr\u2026\t\t\t<\/a>\n\t\t<\/h3>\n\t\t\t\t<div class=\"elementor-post__excerpt\">\n\t\t\t<p>&nbsp; &nbsp; &nbsp; &nbsp; &nbsp; &nbsp; &nbsp; &nbsp; &nbsp; &nbsp; &nbsp; Ob mehr Umsatz, mehr Kunden oder mehr Effizienz: Mit unseren Tools kann Ihr Unternehmen jeden Tag mehr erreichen.. Zettle Reader 2 Mit unserem mobilen Kartenleseger\u00e4t akzeptieren Sie kontaktlose und Kartenzahlungen richtig schnell\u202f\u2013 ob im Laden oder unterwegs.* Zettle App<\/p>\n\t\t<\/div>\n\t\t\t\t\t<div class=\"elementor-post__read-more-wrapper\">\n\t\t\n\t\t<a class=\"elementor-post__read-more\" href=\"https:\/\/sundsits.com\/en\/zettle-gemacht-fuer-mehr\/\" aria-label=\"Read more about Zettle \u2013 gemacht f\u00fcr mehr\u2026\" tabindex=\"-1\" target=\"_blank\">\n\t\t\tWeiterlesen \u00bb\t\t<\/a>\n\n\t\t\t\t\t<\/div>\n\t\t\t\t<\/div>\n\t\t\t\t<div class=\"elementor-post__meta-data\">\n\t\t\t\t\t<span class=\"elementor-post-date\">\n\t\t\t6. September 2022\t\t<\/span>\n\t\t\t\t<\/div>\n\t\t\t\t\t<\/div>\n\t\t<\/article>\n\t\t\t\t<article class=\"elementor-post elementor-grid-item post-257789 post type-post status-publish format-standard hentry category-nicht-kategorisiert\" role=\"listitem\">\n\t\t\t<div class=\"elementor-post__card\">\n\t\t\t\t<div class=\"elementor-post__text\">\n\t\t\t\t<h3 class=\"elementor-post__title\">\n\t\t\t<a href=\"https:\/\/sundsits.com\/en\/aus-alt-macht-neu-wir-gehen-mit-der-zeit\/\">\n\t\t\t\tAus Alt macht neu &#8211; Wir gehen mit der Zeit\t\t\t<\/a>\n\t\t<\/h3>\n\t\t\t\t<div class=\"elementor-post__excerpt\">\n\t\t\t\t\t<\/div>\n\t\t\t\t\t<div class=\"elementor-post__read-more-wrapper\">\n\t\t\n\t\t<a class=\"elementor-post__read-more\" href=\"https:\/\/sundsits.com\/en\/aus-alt-macht-neu-wir-gehen-mit-der-zeit\/\" aria-label=\"Read more about Aus Alt macht neu &#8211; Wir gehen mit der Zeit\" tabindex=\"-1\" target=\"_blank\">\n\t\t\tWeiterlesen \u00bb\t\t<\/a>\n\n\t\t\t\t\t<\/div>\n\t\t\t\t<\/div>\n\t\t\t\t<div class=\"elementor-post__meta-data\">\n\t\t\t\t\t<span class=\"elementor-post-date\">\n\t\t\t2. March 2022\t\t<\/span>\n\t\t\t\t<\/div>\n\t\t\t\t\t<\/div>\n\t\t<\/article>\n\t\t\t\t<article class=\"elementor-post elementor-grid-item post-255124 post type-post status-publish format-standard hentry category-aktion\" role=\"listitem\">\n\t\t\t<div class=\"elementor-post__card\">\n\t\t\t\t<div class=\"elementor-post__text\">\n\t\t\t\t<h3 class=\"elementor-post__title\">\n\t\t\t<a href=\"https:\/\/sundsits.com\/en\/sendcloud\/\">\n\t\t\t\tsendcloud\t\t\t<\/a>\n\t\t<\/h3>\n\t\t\t\t<div class=\"elementor-post__excerpt\">\n\t\t\t\t\t<\/div>\n\t\t\t\t\t<div class=\"elementor-post__read-more-wrapper\">\n\t\t\n\t\t<a class=\"elementor-post__read-more\" href=\"https:\/\/sundsits.com\/en\/sendcloud\/\" aria-label=\"Read more about sendcloud\" tabindex=\"-1\" target=\"_blank\">\n\t\t\tWeiterlesen \u00bb\t\t<\/a>\n\n\t\t\t\t\t<\/div>\n\t\t\t\t<\/div>\n\t\t\t\t<div class=\"elementor-post__meta-data\">\n\t\t\t\t\t<span class=\"elementor-post-date\">\n\t\t\t7. January 2022\t\t<\/span>\n\t\t\t\t<\/div>\n\t\t\t\t\t<\/div>\n\t\t<\/article>\n\t\t\t\t<\/div>\n\t\t\n\t\t\t\t\t\t<\/div>\n\t\t\t\t<\/div>\n\t\t\t\t<\/div>\n\t\t\t\t<\/div>\n\t\t\t\t<\/div>\n\t\t","protected":false},"excerpt":{"rendered":"<p>Blog<\/p>\n","protected":false},"author":3821,"featured_media":0,"parent":0,"menu_order":0,"comment_status":"closed","ping_status":"closed","template":"","meta":{"_angie_page":false,"footnotes":""},"class_list":["post-301340","page","type-page","status-publish","hentry"],"_links":{"self":[{"href":"https:\/\/sundsits.com\/en\/wp-json\/wp\/v2\/pages\/301340","targetHints":{"allow":["GET"]}}],"collection":[{"href":"https:\/\/sundsits.com\/en\/wp-json\/wp\/v2\/pages"}],"about":[{"href":"https:\/\/sundsits.com\/en\/wp-json\/wp\/v2\/types\/page"}],"author":[{"embeddable":true,"href":"https:\/\/sundsits.com\/en\/wp-json\/wp\/v2\/users\/3821"}],"replies":[{"embeddable":true,"href":"https:\/\/sundsits.com\/en\/wp-json\/wp\/v2\/comments?post=301340"}],"version-history":[{"count":22,"href":"https:\/\/sundsits.com\/en\/wp-json\/wp\/v2\/pages\/301340\/revisions"}],"predecessor-version":[{"id":301425,"href":"https:\/\/sundsits.com\/en\/wp-json\/wp\/v2\/pages\/301340\/revisions\/301425"}],"wp:attachment":[{"href":"https:\/\/sundsits.com\/en\/wp-json\/wp\/v2\/media?parent=301340"}],"curies":[{"name":"wp","href":"https:\/\/api.w.org\/{rel}","templated":true}]}}