{"id":272199,"date":"2024-08-27T16:08:31","date_gmt":"2024-08-27T14:08:31","guid":{"rendered":"https:\/\/www.sundsits.de\/?page_id=272199"},"modified":"2026-02-11T12:40:58","modified_gmt":"2026-02-11T11:40:58","slug":"fragebogen-fiskal-cloud","status":"publish","type":"page","link":"https:\/\/sundsits.com\/en\/fragebogen-fiskal-cloud\/","title":{"rendered":"Fragebogen Fiskal Cloud"},"content":{"rendered":"\t\t<div data-elementor-type=\"wp-page\" data-elementor-id=\"272199\" class=\"elementor elementor-272199\" data-elementor-post-type=\"page\">\n\t\t\t\t<div class=\"elementor-element elementor-element-3b3fcd10 e-flex e-con-boxed e-con e-parent\" data-id=\"3b3fcd10\" data-element_type=\"container\" data-e-type=\"container\">\n\t\t\t\t\t<div class=\"e-con-inner\">\n\t\t\t\t<div class=\"elementor-element elementor-element-2b5311cd elementor-widget elementor-widget-text-editor\" data-id=\"2b5311cd\" data-element_type=\"widget\" data-e-type=\"widget\" data-widget_type=\"text-editor.default\">\n\t\t\t\t\t\t\t\t\t\n[et_pb_section fb_built=&#8221;1&#8243; admin_label=&#8221;Seite Fiskal Formular&#8221; _builder_version=&#8221;4.27.0&#8243; background_image=&#8221;https:\/\/sundsits.com\/wp-content\/uploads\/2020\/06\/sundsitslogo-gray3.png&#8221; background_size=&#8221;initial&#8221; custom_css_main_element=&#8221;background-attachment: fixed;&#8221; global_colors_info=&#8221;{}&#8221;][et_pb_row _builder_version=&#8221;4.27.4&#8243; _module_preset=&#8221;default&#8221; hover_enabled=&#8221;0&#8243; global_colors_info=&#8221;{}&#8221; width=&#8221;50%&#8221; sticky_enabled=&#8221;0&#8243;][et_pb_column type=&#8221;4_4&#8243; _builder_version=&#8221;4.27.4&#8243; _module_preset=&#8221;default&#8221; global_colors_info=&#8221;{}&#8221;][et_pb_code _builder_version=&#8221;4.27.4&#8243; _module_preset=&#8221;default&#8221; global_colors_info=&#8221;{}&#8221;]<div class='fluentform ff-default fluentform_wrapper_32 ffs_custom_wrap'><form data-form_id=\"32\" id=\"fluentform_32\" class=\"frm-fluent-form fluent_form_32 ff-el-form-top ff_form_instance_32_1 ff-form-loading ffs_custom\" data-form_instance=\"ff_form_instance_32_1\" method=\"POST\" ><fieldset  style=\"border: none!important;margin: 0!important;padding: 0!important;background-color: transparent!important;box-shadow: none!important;outline: none!important; min-inline-size: 100%;\">\n                    <legend class=\"ff_screen_reader_title\" style=\"display: block; margin: 0!important;padding: 0!important;height: 0!important;text-indent: -999999px;width: 0!important;overflow:hidden;\">Fragebogen Fiskal Cloud<\/legend>        <div\n                style=\"display: none!important; position: absolute!important; transform: translateX(1000%)!important;\"\n                class=\"ff-el-group ff-hpsf-container\"\n        >\n            <div class=\"ff-el-input--label asterisk-right\">\n                <label for=\"ff_32_item_sf\" aria-label=\"Notify\">\n                    Notify                <\/label>\n            <\/div>\n            <div class=\"ff-el-input--content\">\n                <input type=\"text\"\n                       name=\"item_32__fluent_sf\"\n                       class=\"ff-el-form-control\"\n                       id=\"ff_32_item_sf\"\n                \/>\n            <\/div>\n        <\/div>\n                <input type=\"hidden\" id=\"__fluent_protection_token_32\" class=\"fluent-form-token-field\" name=\"__fluent_protection_token_32\">\n        <input type='hidden' name='__fluent_form_embded_post_id' value='272199' \/><input type=\"hidden\" id=\"_fluentform_32_fluentformnonce\" name=\"_fluentform_32_fluentformnonce\" value=\"a6062ffe5d\" \/><input type=\"hidden\" name=\"_wp_http_referer\" value=\"\/en\/wp-json\/wp\/v2\/pages\/272199\" \/><div class='ff-el-group  ff-custom_html' tabindex='-1' data-name=\"custom_html-32_1\" ><h1 style=\"text-align: center\">Fragebogen Fiskal Cloud<\/h1>\n<p>&nbsp;<\/p>\n<h5 style=\"text-align: center\">Vielen Dank, dass du dich f\u00fcr eine TSE der deutschen Fiskal entschieden hast. Um diese korrekt ausstellen zu k\u00f6nnen, ben\u00f6tigen wir einige Informationen von dir. Bitte f\u00fclle\u00a0 das Formular vollst\u00e4ndig aus und dr\u00fccke\u00a0 auf Absenden.<br \/>Bei Fragen kannstdu dich gern an uns wenden.<\/h5><\/div><div data-name=\"ff_cn_id_1\"  class='ff-t-container ff-column-container ff_columns_total_2 '><div class='ff-t-cell ff-t-column-1' style='flex-basis: 50%;'><div class='ff-el-group'><div class=\"ff-el-input--label ff-el-is-required asterisk-right\"><label for='ff_32_input_text' id='label_ff_32_input_text' aria-label=\"Firmenname\">Firmenname<\/label><\/div><div class='ff-el-input--content'><input type=\"text\" name=\"input_text\" class=\"ff-el-form-control\" data-name=\"input_text\" tabindex=\"1\" id=\"ff_32_input_text\"  aria-invalid=\"false\" aria-required=true><\/div><\/div><div class='ff-el-group'><div class=\"ff-el-input--label ff-el-is-required asterisk-right\"><label for='ff_32_input_text_2' id='label_ff_32_input_text_2' aria-label=\"Stra\u00dfe und Hausnummer\">Stra\u00dfe und Hausnummer<\/label><\/div><div class='ff-el-input--content'><input type=\"text\" name=\"input_text_2\" class=\"ff-el-form-control\" data-name=\"input_text_2\" tabindex=\"2\" id=\"ff_32_input_text_2\"  aria-invalid=\"false\" aria-required=true><\/div><\/div><div class='ff-el-group'><div class=\"ff-el-input--label ff-el-is-required asterisk-right\"><label for='ff_32_input_text_4' id='label_ff_32_input_text_4' aria-label=\"Anrede\">Anrede<\/label><\/div><div class='ff-el-input--content'><input type=\"text\" name=\"input_text_4\" class=\"ff-el-form-control\" data-name=\"input_text_4\" tabindex=\"3\" id=\"ff_32_input_text_4\"  aria-invalid=\"false\" aria-required=true><\/div><\/div><\/div><div class='ff-t-cell ff-t-column-2' style='flex-basis: 50%;'><div class='ff-el-group'><div class=\"ff-el-input--label ff-el-is-required asterisk-right\"><label for='ff_32_input_text_1' id='label_ff_32_input_text_1' aria-label=\"Rechtsform\">Rechtsform<\/label><\/div><div class='ff-el-input--content'><input type=\"text\" name=\"input_text_1\" class=\"ff-el-form-control\" data-name=\"input_text_1\" tabindex=\"4\" id=\"ff_32_input_text_1\"  aria-invalid=\"false\" aria-required=true><\/div><\/div><div class='ff-el-group'><div class=\"ff-el-input--label ff-el-is-required asterisk-right\"><label for='ff_32_input_text_3' id='label_ff_32_input_text_3' aria-label=\"PLZ und Ort\">PLZ und Ort<\/label><\/div><div class='ff-el-input--content'><input type=\"text\" name=\"input_text_3\" class=\"ff-el-form-control\" data-name=\"input_text_3\" tabindex=\"5\" id=\"ff_32_input_text_3\"  aria-invalid=\"false\" aria-required=true><\/div><\/div><div class='ff-el-group'><div class=\"ff-el-input--label ff-el-is-required asterisk-right\"><label for='ff_32_datetime' id='label_ff_32_datetime' aria-label=\"Geburtsdatum\">Geburtsdatum<\/label><\/div><div class='ff-el-input--content'><input  aria-label='Geburtsdatum Use arrow keys to navigate dates. Press enter to select a date.'  aria-haspopup='dialog' data-type-datepicker data-format='d\/m\/Y' type=\"text\" name=\"datetime\" id=\"ff_32_datetime\" class=\"ff-el-form-control ff-el-datepicker\" placeholder=\"TT.MM.JJJJ\" data-name=\"datetime\" tabindex=\"6\"  aria-invalid='false' aria-required=true><\/div><\/div><\/div><\/div><div data-type=\"name-element\" data-name=\"names\" class=\" ff-field_container ff-name-field-wrapper\" ><div class='ff-t-container'><div class='ff-t-cell '><div class='ff-el-group ff-el-form-top'><div class=\"ff-el-input--label ff-el-is-required asterisk-right\"><label for='ff_32_names_first_name_' id='label_ff_32_names_first_name_' >Vorname<\/label><\/div><div class='ff-el-input--content'><input type=\"text\" name=\"names[first_name]\" id=\"ff_32_names_first_name_\" class=\"ff-el-form-control\" tabindex=\"7\" aria-invalid=\"false\" aria-required=true><\/div><\/div><\/div><div class='ff-t-cell '><div class='ff-el-group ff-el-form-top'><div class=\"ff-el-input--label ff-el-is-required asterisk-right\"><label for='ff_32_names_last_name_' id='label_ff_32_names_last_name_' >Nachname<\/label><\/div><div class='ff-el-input--content'><input type=\"text\" name=\"names[last_name]\" id=\"ff_32_names_last_name_\" class=\"ff-el-form-control\" tabindex=\"8\" aria-invalid=\"false\" aria-required=true><\/div><\/div><\/div><\/div><\/div><div class='ff-el-group'><div class=\"ff-el-input--label ff-el-is-required asterisk-right\"><label for='ff_32_numeric_field' id='label_ff_32_numeric_field' aria-label=\"Steuernummer\">Steuernummer<\/label><\/div><div class='ff-el-input--content'><input type=\"number\" name=\"numeric_field\" id=\"ff_32_numeric_field\" class=\"ff-el-form-control\" placeholder=\"Beispiel: XXXX\/XXXX\/XXXX\" data-name=\"numeric_field\" inputmode=\"numeric\" step=\"any\" tabindex=\"9\"  aria-invalid=\"false\" aria-required=true><\/div><\/div><div data-name=\"ff_cn_id_2\"  class='ff-t-container ff-column-container ff_columns_total_2 '><div class='ff-t-cell ff-t-column-1' style='flex-basis: 50%;'><div class='ff-el-group'><div class=\"ff-el-input--label ff-el-is-required asterisk-right\"><label   aria-label=\"Sind Sie Einzelunternehmer?\">Sind Sie Einzelunternehmer?<\/label><\/div><div class='ff-el-input--content'><div class='ff-el-form-check ff-el-form-check-'><label class='ff-el-form-check-label' for='input_radio_1_9dba43a5069140f275f0d5b4be3b7a73'><input  type=\"radio\" name=\"input_radio_1\" data-name=\"input_radio_1\" class=\"ff-el-form-check-input ff-el-form-check-radio\" tabindex=\"10\" value=\"yes\"  id='input_radio_1_9dba43a5069140f275f0d5b4be3b7a73' aria-label='Ja' aria-invalid='false' aria-required=true> <span>Ja<\/span><\/label><\/div><div class='ff-el-form-check ff-el-form-check-'><label class='ff-el-form-check-label' for='input_radio_1_2bb10d1d8c3f150fe263e6a6061a383d'><input  type=\"radio\" name=\"input_radio_1\" data-name=\"input_radio_1\" class=\"ff-el-form-check-input ff-el-form-check-radio\" tabindex=\"-1\" value=\"no\"  id='input_radio_1_2bb10d1d8c3f150fe263e6a6061a383d' aria-label='Nein' aria-invalid='false' aria-required=true> <span>Nein<\/span><\/label><\/div><\/div><\/div><div class='ff-el-group  ff-custom_html has-conditions' tabindex='-1' data-name=\"custom_html-32_2\" ><p>Teilen Sie uns bitte zus\u00e4tzlich Ihre 11-stellige SteuerID mit.<\/p><\/div><div class='ff-el-group has-conditions'><div class=\"ff-el-input--label asterisk-right\"><label for='ff_32_input_text_10' id='label_ff_32_input_text_10' aria-label=\"SteuerID\">SteuerID<\/label><\/div><div class='ff-el-input--content'><input type=\"text\" name=\"input_text_10\" class=\"ff-el-form-control\" placeholder=\"11-stellige Nummer auf Ihren Steuerbescheiden\" data-name=\"input_text_10\" tabindex=\"11\" id=\"ff_32_input_text_10\"  aria-invalid=\"false\" aria-required=false><\/div><\/div><\/div><div class='ff-t-cell ff-t-column-2' style='flex-basis: 50%;'><div class='ff-el-group'><div class=\"ff-el-input--label ff-el-is-required asterisk-right\"><label   aria-label=\"Weicht die Adresse der Betriebsst\u00e4tte der Kasse von Ihrer Firmenadresse ab?\">Weicht die Adresse der Betriebsst\u00e4tte der Kasse von Ihrer Firmenadresse ab?<\/label><\/div><div class='ff-el-input--content'><div class='ff-el-form-check ff-el-form-check-'><label class='ff-el-form-check-label' for='input_radio_472931155038ff1ace5092697289a36e'><input  type=\"radio\" name=\"input_radio\" data-name=\"input_radio\" class=\"ff-el-form-check-input ff-el-form-check-radio\" tabindex=\"12\" value=\"Ja\"  id='input_radio_472931155038ff1ace5092697289a36e' aria-label='Ja' aria-invalid='false' aria-required=true> <span>Ja<\/span><\/label><\/div><div class='ff-el-form-check ff-el-form-check-'><label class='ff-el-form-check-label' for='input_radio_c9316a93ecf02a1331b6fcd9fce5b669'><input  type=\"radio\" name=\"input_radio\" data-name=\"input_radio\" class=\"ff-el-form-check-input ff-el-form-check-radio\" tabindex=\"-1\" value=\"Nein\"  id='input_radio_c9316a93ecf02a1331b6fcd9fce5b669' aria-label='Nein' aria-invalid='false' aria-required=true> <span>Nein<\/span><\/label><\/div><\/div><\/div><div class='ff-el-group  ff-custom_html has-conditions' tabindex='-1' data-name=\"custom_html-32_3\" ><p>F\u00fcllen Sie bitte folgende Felder zur Betriebsst\u00e4tte der Kasse aus:<\/p><\/div><div class='ff-el-group has-conditions'><div class=\"ff-el-input--label asterisk-right\"><label for='ff_32_input_text_7' id='label_ff_32_input_text_7' aria-label=\"Bezeichnung der Betriebsst\u00e4tte\">Bezeichnung der Betriebsst\u00e4tte<\/label><\/div><div class='ff-el-input--content'><input type=\"text\" name=\"input_text_7\" class=\"ff-el-form-control\" data-name=\"input_text_7\" tabindex=\"13\" id=\"ff_32_input_text_7\"  aria-invalid=\"false\" aria-required=false><\/div><\/div><div class='ff-el-group has-conditions'><div class=\"ff-el-input--label asterisk-right\"><label for='ff_32_input_text_8' id='label_ff_32_input_text_8' aria-label=\"Betriebsst\u00e4tte Stra\u00dfe und Hausnummer\">Betriebsst\u00e4tte Stra\u00dfe und Hausnummer<\/label><\/div><div class='ff-el-input--content'><input type=\"text\" name=\"input_text_8\" class=\"ff-el-form-control\" data-name=\"input_text_8\" tabindex=\"14\" id=\"ff_32_input_text_8\"  aria-invalid=\"false\" aria-required=false><\/div><\/div><div class='ff-el-group has-conditions'><div class=\"ff-el-input--label asterisk-right\"><label for='ff_32_input_text_9' id='label_ff_32_input_text_9' aria-label=\"Betriebsst\u00e4tte PLZ und Ort\">Betriebsst\u00e4tte PLZ und Ort<\/label><\/div><div class='ff-el-input--content'><input type=\"text\" name=\"input_text_9\" class=\"ff-el-form-control\" data-name=\"input_text_9\" tabindex=\"15\" id=\"ff_32_input_text_9\"  aria-invalid=\"false\" aria-required=false><\/div><\/div><\/div><\/div><div class='ff-el-group    ff-el-input--content'><div class='ff-el-form-check ff-el-tc'><label aria-label='Terms and Conditions: Ich willige ein, dass meine Angaben zur Kontaktaufnahme und Zuordnung f\u00fcr eventuelle R\u00fcckfragen dauerhaft gespeichert werden. Hinweis: Diese Einwilligung k\u00f6nnen Sie jederzeit mit Wirkung f\u00fcr die Zukunft widerrufen, indem Sie eine E-Mail an datenschutz@sundsits.de senden. Weitere Informationen entnehmen Sie bitte unserer Datenschutzerkl\u00e4rung Contains 1 link. Use tab navigation to review.' class='ff-el-form-check-label ff_tc_label' for=gdpr-agreement_625d7450a8a29377f2d487bc74e03f47><span class='ff_tc_checkbox'><input type=\"checkbox\" name=\"gdpr-agreement\" class=\"ff-el-form-check-input ff_gdpr_field\" data-name=\"gdpr-agreement\" id=\"gdpr-agreement_625d7450a8a29377f2d487bc74e03f47\" tabindex=\"16\"  value='on' aria-invalid='false' aria-required=true><\/span> <div class='ff_t_c'>Ich willige ein, dass meine Angaben zur Kontaktaufnahme und Zuordnung f\u00fcr eventuelle R\u00fcckfragen dauerhaft gespeichert werden. Hinweis: Diese Einwilligung k\u00f6nnen Sie jederzeit mit Wirkung f\u00fcr die Zukunft widerrufen, indem Sie eine E-Mail an datenschutz@sundsits.de senden. Weitere Informationen entnehmen Sie bitte unserer <a href=\"https:\/\/sundsits.com\/datenschutz\/\">Datenschutzerkl\u00e4rung<\/a><\/div><\/label><\/div><\/div><div class='ff-el-group ff-text-left ff_submit_btn_wrapper'><button type=\"submit\" class=\"ff-btn ff-btn-submit ff-btn-lg ff_btn_style wpf_has_custom_css\" tabindex=\"17\"  aria-label=\"Absenden\">Absenden<\/button><\/div><\/fieldset><input\n                    class=\"apbct_special_field apbct_email_id__elementor_form\"\n                    name=\"apbct__email_id__elementor_form\"\n                    aria-label=\"apbct__label_id__elementor_form\"\n                    type=\"text\" size=\"30\" maxlength=\"200\" autocomplete=\"off\"\n                    value=\"\"\n                \/><\/form><div id='fluentform_32_errors' class='ff-errors-in-stack ff_form_instance_32_1 ff-form-loading_errors ff_form_instance_32_1_errors'><\/div><\/div>            <script type=\"text\/javascript\">\n                window.fluent_form_ff_form_instance_32_1 = {\"id\":\"32\",\"ajaxUrl\":\"https:\\\/\\\/sundsits.com\\\/wp-admin\\\/admin-ajax.php\",\"settings\":{\"layout\":{\"labelPlacement\":\"top\",\"asteriskPlacement\":\"asterisk-right\",\"helpMessagePlacement\":\"with_label\",\"errorMessagePlacement\":\"inline\",\"cssClassName\":\"\"},\"restrictions\":{\"denyEmptySubmission\":{\"enabled\":false}}},\"form_instance\":\"ff_form_instance_32_1\",\"form_id_selector\":\"fluentform_32\",\"rules\":{\"input_text\":{\"required\":{\"value\":true,\"message\":\"Dieses Feld ist erforderlich\",\"global_message\":\"Dieses Feld ist erforderlich\",\"global\":true}},\"input_text_2\":{\"required\":{\"value\":true,\"message\":\"Dieses Feld ist erforderlich\",\"global_message\":\"Dieses Feld ist erforderlich\",\"global\":true}},\"input_text_4\":{\"required\":{\"value\":true,\"message\":\"Dieses Feld ist erforderlich\",\"global_message\":\"Dieses Feld ist erforderlich\",\"global\":true}},\"input_text_1\":{\"required\":{\"value\":true,\"message\":\"Dieses Feld ist erforderlich\",\"global_message\":\"Dieses Feld ist erforderlich\",\"global\":true}},\"input_text_3\":{\"required\":{\"value\":true,\"message\":\"Dieses Feld ist erforderlich\",\"global_message\":\"Dieses Feld ist erforderlich\",\"global\":true}},\"datetime\":{\"required\":{\"value\":true,\"message\":\"Dieses Feld ist erforderlich\",\"global_message\":\"Dieses Feld ist erforderlich\",\"global\":true}},\"names[first_name]\":{\"required\":{\"value\":true,\"message\":\"Dieses Feld ist erforderlich\",\"global_message\":\"Dieses Feld ist erforderlich\",\"global\":true}},\"names[middle_name]\":{\"required\":{\"value\":false,\"message\":\"Dieses Feld ist erforderlich\",\"global_message\":\"Dieses Feld ist erforderlich\",\"global\":true}},\"names[last_name]\":{\"required\":{\"value\":true,\"message\":\"Dieses Feld ist erforderlich\",\"global_message\":\"Dieses Feld ist erforderlich\",\"global\":true}},\"numeric_field\":{\"required\":{\"value\":true,\"message\":\"Dieses Feld ist erforderlich\",\"global_message\":\"Dieses Feld ist erforderlich\",\"global\":true},\"numeric\":{\"value\":true,\"message\":\"Dieses Feld muss einen numerischen Wert enthalten\",\"global_message\":\"Dieses Feld muss einen numerischen Wert enthalten\",\"global\":true},\"min\":{\"value\":\"\",\"message\":\"Validation fails for minimum value\",\"global_message\":\"Validation fails for minimum value\",\"global\":true},\"max\":{\"value\":\"\",\"message\":\"Validierung scheitert bei Maximalwert\",\"global_message\":\"Validierung scheitert bei Maximalwert\",\"global\":true},\"digits\":{\"value\":\"\",\"message\":\"Validierung scheitert bei begrenzten Ziffern\",\"global_message\":\"Validierung scheitert bei begrenzten Ziffern\",\"global\":true}},\"input_radio_1\":{\"required\":{\"value\":true,\"message\":\"Dieses Feld ist erforderlich\",\"global_message\":\"Dieses Feld ist erforderlich\",\"global\":true}},\"input_text_10\":{\"required\":{\"value\":false,\"message\":\"Dieses Feld ist erforderlich\",\"global_message\":\"Dieses Feld ist erforderlich\",\"global\":true}},\"input_radio\":{\"required\":{\"value\":true,\"message\":\"Dieses Feld ist erforderlich\",\"global_message\":\"Dieses Feld ist erforderlich\",\"global\":true}},\"input_text_7\":{\"required\":{\"value\":false,\"message\":\"Dieses Feld ist erforderlich\",\"global_message\":\"Dieses Feld ist erforderlich\",\"global\":true}},\"input_text_8\":{\"required\":{\"value\":false,\"message\":\"Dieses Feld ist erforderlich\",\"global_message\":\"Dieses Feld ist erforderlich\",\"global\":true}},\"input_text_9\":{\"required\":{\"value\":false,\"message\":\"Dieses Feld ist erforderlich\",\"global_message\":\"Dieses Feld ist erforderlich\",\"global\":true}},\"gdpr-agreement\":{\"required\":{\"value\":true,\"message\":\"Dieses Feld ist erforderlich\",\"global_message\":\"Dieses Feld ist erforderlich\",\"global\":true}}},\"debounce_time\":300,\"conditionals\":{\"custom_html-32_2\":{\"type\":\"any\",\"status\":true,\"conditions\":[{\"field\":\"input_radio_1\",\"value\":\"yes\",\"operator\":\"=\"}]},\"input_text_10\":{\"type\":\"any\",\"status\":true,\"conditions\":[{\"field\":\"input_radio_1\",\"value\":\"yes\",\"operator\":\"=\"}]},\"custom_html-32_3\":{\"type\":\"any\",\"status\":true,\"conditions\":[{\"field\":\"input_radio\",\"value\":\"Ja\",\"operator\":\"=\"}]},\"input_text_7\":{\"type\":\"any\",\"status\":true,\"conditions\":[{\"field\":\"input_radio\",\"value\":\"Ja\",\"operator\":\"=\"}]},\"input_text_8\":{\"type\":\"any\",\"status\":true,\"conditions\":[{\"field\":\"input_radio\",\"value\":\"Ja\",\"operator\":\"=\"}]},\"input_text_9\":{\"type\":\"any\",\"status\":true,\"conditions\":[{\"field\":\"input_radio\",\"value\":\"Ja\",\"operator\":\"=\"}]}}};\n                            <\/script>\n            [\/et_pb_code][\/et_pb_column][\/et_pb_row][\/et_pb_section]\n\t\t\t\t\t\t\t\t<\/div>\n\t\t\t\t\t<\/div>\n\t\t\t\t<\/div>\n\t\t\t\t<\/div>\n\t\t","protected":false},"excerpt":{"rendered":"<p>[et_pb_section fb_built=&#8221;1&#8243; admin_label=&#8221;Seite Fiskal Formular&#8221; _builder_version=&#8221;4.27.0&#8243; background_image=&#8221;https:\/\/sundsits.com\/wp-content\/uploads\/2020\/06\/sundsitslogo-gray3.png&#8221; background_size=&#8221;initial&#8221; custom_css_main_element=&#8221;background-attachment: fixed;&#8221; global_colors_info=&#8221;{}&#8221;][et_pb_row _builder_version=&#8221;4.27.4&#8243; _module_preset=&#8221;default&#8221; hover_enabled=&#8221;0&#8243; global_colors_info=&#8221;{}&#8221; width=&#8221;50%&#8221; sticky_enabled=&#8221;0&#8243;][et_pb_column type=&#8221;4_4&#8243; _builder_version=&#8221;4.27.4&#8243; _module_preset=&#8221;default&#8221; global_colors_info=&#8221;{}&#8221;][et_pb_code _builder_version=&#8221;4.27.4&#8243; _module_preset=&#8221;default&#8221; global_colors_info=&#8221;{}&#8221;][\/et_pb_code][\/et_pb_column][\/et_pb_row][\/et_pb_section]<\/p>\n","protected":false},"author":3,"featured_media":0,"parent":0,"menu_order":0,"comment_status":"closed","ping_status":"closed","template":"","meta":{"_angie_page":false,"footnotes":""},"class_list":["post-272199","page","type-page","status-publish","hentry"],"_links":{"self":[{"href":"https:\/\/sundsits.com\/en\/wp-json\/wp\/v2\/pages\/272199","targetHints":{"allow":["GET"]}}],"collection":[{"href":"https:\/\/sundsits.com\/en\/wp-json\/wp\/v2\/pages"}],"about":[{"href":"https:\/\/sundsits.com\/en\/wp-json\/wp\/v2\/types\/page"}],"author":[{"embeddable":true,"href":"https:\/\/sundsits.com\/en\/wp-json\/wp\/v2\/users\/3"}],"replies":[{"embeddable":true,"href":"https:\/\/sundsits.com\/en\/wp-json\/wp\/v2\/comments?post=272199"}],"version-history":[{"count":0,"href":"https:\/\/sundsits.com\/en\/wp-json\/wp\/v2\/pages\/272199\/revisions"}],"wp:attachment":[{"href":"https:\/\/sundsits.com\/en\/wp-json\/wp\/v2\/media?parent=272199"}],"curies":[{"name":"wp","href":"https:\/\/api.w.org\/{rel}","templated":true}]}}