{"id":245999,"date":"2019-12-13T14:40:53","date_gmt":"2019-12-13T13:40:53","guid":{"rendered":"https:\/\/www.sundsits.de\/?page_id=245999"},"modified":"2026-05-05T17:07:15","modified_gmt":"2026-05-05T15:07:15","slug":"design-loesungen","status":"publish","type":"page","link":"https:\/\/sundsits.com\/en\/design-loesungen\/","title":{"rendered":"Design L\u00f6sungen"},"content":{"rendered":"\t\t<div data-elementor-type=\"wp-page\" data-elementor-id=\"245999\" class=\"elementor elementor-245999\" data-elementor-post-type=\"page\">\n\t\t\t\t<div class=\"elementor-element elementor-element-0b8f005 e-con-full animated-fast e-flex elementor-invisible e-con e-parent\" data-id=\"0b8f005\" data-element_type=\"container\" data-e-type=\"container\" data-settings=\"{&quot;animation&quot;:&quot;slideInUp&quot;,&quot;animation_delay&quot;:2}\">\n\t\t<div class=\"elementor-element elementor-element-00174d2 e-con-full e-flex e-con e-child\" data-id=\"00174d2\" data-element_type=\"container\" data-e-type=\"container\">\n\t\t<div class=\"elementor-element elementor-element-8bf2d6d e-con-full e-flex e-con e-child\" data-id=\"8bf2d6d\" data-element_type=\"container\" data-e-type=\"container\">\n\t\t<div class=\"elementor-element elementor-element-3d558c9 e-con-full e-flex e-con e-child\" data-id=\"3d558c9\" data-element_type=\"container\" data-e-type=\"container\">\n\t\t\t\t<div class=\"elementor-element elementor-element-b13eec0 elementor-widget elementor-widget-heading\" data-id=\"b13eec0\" data-element_type=\"widget\" data-e-type=\"widget\" data-widget_type=\"heading.default\">\n\t\t\t\t\t<h5 class=\"elementor-heading-title elementor-size-default\">Design<\/h5>\t\t\t\t<\/div>\n\t\t\t\t<div class=\"elementor-element elementor-element-2649af5 elementor-widget__width-initial elementor-widget elementor-widget-heading\" data-id=\"2649af5\" data-element_type=\"widget\" data-e-type=\"widget\" data-widget_type=\"heading.default\">\n\t\t\t\t\t<h1 class=\"elementor-heading-title elementor-size-default\">Wir machen<br> Marken sichtbar<\/h1>\t\t\t\t<\/div>\n\t\t<div class=\"elementor-element elementor-element-d2693a2 e-con-full e-flex e-con e-child\" data-id=\"d2693a2\" data-element_type=\"container\" data-e-type=\"container\">\n\t\t\t\t<div class=\"elementor-element elementor-element-30b1912 elementor-widget__width-auto elementor-align-justify elementor-mobile-align-left elementor-hidden-mobile elementor-widget elementor-widget-button\" data-id=\"30b1912\" data-element_type=\"widget\" data-e-type=\"widget\" data-widget_type=\"button.default\">\n\t\t\t\t\t\t\t\t\t\t<a class=\"elementor-button elementor-button-link elementor-size-sm\" href=\"\/kontakt\" id=\"button-85\">\n\t\t\t\t\t\t<span class=\"elementor-button-content-wrapper\">\n\t\t\t\t\t\t<span class=\"elementor-button-icon\">\n\t\t\t\t<svg aria-hidden=\"true\" class=\"e-font-icon-svg e-fas-arrow-right\" viewBox=\"0 0 448 512\" xmlns=\"http:\/\/www.w3.org\/2000\/svg\"><path d=\"M190.5 66.9l22.2-22.2c9.4-9.4 24.6-9.4 33.9 0L441 239c9.4 9.4 9.4 24.6 0 33.9L246.6 467.3c-9.4 9.4-24.6 9.4-33.9 0l-22.2-22.2c-9.5-9.5-9.3-25 .4-34.3L311.4 296H24c-13.3 0-24-10.7-24-24v-32c0-13.3 10.7-24 24-24h287.4L190.9 101.2c-9.8-9.3-10-24.8-.4-34.3z\"><\/path><\/svg>\t\t\t<\/span>\n\t\t\t\t\t\t\t\t\t<span class=\"elementor-button-text\">Erstgespr\u00e4ch buchen<\/span>\n\t\t\t\t\t<\/span>\n\t\t\t\t\t<\/a>\n\t\t\t\t\t\t\t\t<\/div>\n\t\t\t\t<\/div>\n\t\t\t\t<\/div>\n\t\t\t\t<\/div>\n\t\t\t\t<\/div>\n\t\t\t\t<\/div>\n\t\t<div class=\"elementor-element elementor-element-d6567c0 e-con-full e-flex e-con e-parent\" data-id=\"d6567c0\" data-element_type=\"container\" data-e-type=\"container\">\n\t\t<div class=\"elementor-element elementor-element-ceabd5c e-con-full e-flex e-con e-child\" data-id=\"ceabd5c\" data-element_type=\"container\" data-e-type=\"container\">\n\t\t\t\t<div class=\"elementor-element elementor-element-f7ec8a7 elementor-widget__width-initial elementor-widget elementor-widget-text-editor\" data-id=\"f7ec8a7\" data-element_type=\"widget\" data-e-type=\"widget\" data-widget_type=\"text-editor.default\">\n\t\t\t\t\t\t\t\t\tEin starkes Design macht Marken unverwechselbar. Vom Logo bis zum Webauftritt erschaffen wir visuelle Konzepte, die Pers\u00f6nlichkeit zeigen und bleibenden Eindruck hinterlassen.\t\t\t\t\t\t\t\t<\/div>\n\t\t\t\t<\/div>\n\t\t\t\t<\/div>\n\t\t<div class=\"elementor-element elementor-element-c66abe3 e-con-full e-flex e-con e-parent\" data-id=\"c66abe3\" data-element_type=\"container\" data-e-type=\"container\">\n\t\t<div class=\"elementor-element elementor-element-090edd4 e-con-full e-flex e-con e-child\" data-id=\"090edd4\" data-element_type=\"container\" data-e-type=\"container\">\n\t\t<div class=\"elementor-element elementor-element-55fff73 e-con-full e-flex e-con e-child\" data-id=\"55fff73\" data-element_type=\"container\" data-e-type=\"container\">\n\t\t\t\t<div class=\"elementor-element elementor-element-baaa8bc elementor-widget elementor-widget-heading\" data-id=\"baaa8bc\" data-element_type=\"widget\" data-e-type=\"widget\" data-widget_type=\"heading.default\">\n\t\t\t\t\t<h5 class=\"elementor-heading-title elementor-size-default\">LOOK<\/h5>\t\t\t\t<\/div>\n\t\t\t\t<div class=\"elementor-element elementor-element-4ff2b94 elementor-widget__width-inherit elementor-widget elementor-widget-heading\" data-id=\"4ff2b94\" data-element_type=\"widget\" data-e-type=\"widget\" data-widget_type=\"heading.default\">\n\t\t\t\t\t<h2 class=\"elementor-heading-title elementor-size-default\">Logodesign\n<\/h2>\t\t\t\t<\/div>\n\t\t\t\t<div class=\"elementor-element elementor-element-cd34ae7 elementor-widget__width-initial elementor-widget elementor-widget-text-editor\" data-id=\"cd34ae7\" data-element_type=\"widget\" data-e-type=\"widget\" data-widget_type=\"text-editor.default\">\n\t\t\t\t\t\t\t\t\t<p>Ein Unternehmen ohne Logo, kann man sich heutzutage nicht mehr vorstellen. Jedes Unternehmen muss sich schon bei der Gr\u00fcndung damit besch\u00e4ftigen, wie es auf dem Markt wahrgenommen werden m\u00f6chte.<\/p>\t\t\t\t\t\t\t\t<\/div>\n\t\t\t\t<\/div>\n\t\t<div class=\"elementor-element elementor-element-d8a5a28 e-con-full e-flex e-con e-child\" data-id=\"d8a5a28\" data-element_type=\"container\" data-e-type=\"container\" data-settings=\"{&quot;background_background&quot;:&quot;classic&quot;}\">\n\t\t\t\t<\/div>\n\t\t\t\t<\/div>\n\t\t\t\t<\/div>\n\t\t<div class=\"elementor-element elementor-element-2294e43 e-con-full e-flex e-con e-parent\" data-id=\"2294e43\" data-element_type=\"container\" data-e-type=\"container\">\n\t\t<div class=\"elementor-element elementor-element-c456ba8 e-con-full e-flex e-con e-child\" data-id=\"c456ba8\" data-element_type=\"container\" data-e-type=\"container\">\n\t\t<div class=\"elementor-element elementor-element-8474f6c e-con-full e-flex e-con e-child\" data-id=\"8474f6c\" data-element_type=\"container\" data-e-type=\"container\">\n\t\t\t\t<div class=\"elementor-element elementor-element-d81f633 elementor-widget elementor-widget-heading\" data-id=\"d81f633\" data-element_type=\"widget\" data-e-type=\"widget\" data-widget_type=\"heading.default\">\n\t\t\t\t\t<h5 class=\"elementor-heading-title elementor-size-default\">FEEL<\/h5>\t\t\t\t<\/div>\n\t\t\t\t<div class=\"elementor-element elementor-element-7fa13e4 elementor-widget__width-inherit elementor-widget elementor-widget-heading\" data-id=\"7fa13e4\" data-element_type=\"widget\" data-e-type=\"widget\" data-widget_type=\"heading.default\">\n\t\t\t\t\t<h2 class=\"elementor-heading-title elementor-size-default\">Corporate Branding\n<\/h2>\t\t\t\t<\/div>\n\t\t\t\t<div class=\"elementor-element elementor-element-83b48e4 elementor-widget__width-initial elementor-widget elementor-widget-text-editor\" data-id=\"83b48e4\" data-element_type=\"widget\" data-e-type=\"widget\" data-widget_type=\"text-editor.default\">\n\t\t\t\t\t\t\t\t\t<p>F\u00fcr den Unternehmenserfolg ist auch eine umfassende Corporate Identity in Verbindung mit der Unternehmensmarke von gro\u00dfer Bedeutung. Dabei soll die Marke des Unternehmens \u00fcberall einheitlich und klar dargestellt werden, um \u2026<\/p>\t\t\t\t\t\t\t\t<\/div>\n\t\t\t\t<\/div>\n\t\t<div class=\"elementor-element elementor-element-af04de6 e-con-full e-flex e-con e-child\" data-id=\"af04de6\" data-element_type=\"container\" data-e-type=\"container\" data-settings=\"{&quot;background_background&quot;:&quot;classic&quot;}\">\n\t\t\t\t<\/div>\n\t\t\t\t<\/div>\n\t\t\t\t<\/div>\n\t\t<div class=\"elementor-element elementor-element-e19beda e-con-full e-flex e-con e-parent\" data-id=\"e19beda\" data-element_type=\"container\" data-e-type=\"container\">\n\t\t<div class=\"elementor-element elementor-element-d6970f6 e-con-full e-flex e-con e-child\" data-id=\"d6970f6\" data-element_type=\"container\" data-e-type=\"container\">\n\t\t<div class=\"elementor-element elementor-element-d545efc e-con-full e-flex e-con e-child\" data-id=\"d545efc\" data-element_type=\"container\" data-e-type=\"container\">\n\t\t\t\t<div class=\"elementor-element elementor-element-d0ea57a elementor-widget elementor-widget-heading\" data-id=\"d0ea57a\" data-element_type=\"widget\" data-e-type=\"widget\" data-widget_type=\"heading.default\">\n\t\t\t\t\t<h5 class=\"elementor-heading-title elementor-size-default\">SKIN<\/h5>\t\t\t\t<\/div>\n\t\t\t\t<div class=\"elementor-element elementor-element-8645452 elementor-widget__width-inherit elementor-widget elementor-widget-heading\" data-id=\"8645452\" data-element_type=\"widget\" data-e-type=\"widget\" data-widget_type=\"heading.default\">\n\t\t\t\t\t<h2 class=\"elementor-heading-title elementor-size-default\">Templatedesign\n<\/h2>\t\t\t\t<\/div>\n\t\t\t\t<div class=\"elementor-element elementor-element-90ab76f elementor-widget__width-initial elementor-widget elementor-widget-text-editor\" data-id=\"90ab76f\" data-element_type=\"widget\" data-e-type=\"widget\" data-widget_type=\"text-editor.default\">\n\t\t\t\t\t\t\t\t\tEin Template ist sozusagen das technische und grafische Ger\u00fcst einer Internetpr\u00e4senz, wie einer Website oder einem Online-Shop. Es gibt mittlerweile verschiedenste Website- und Shop-Systeme auf dem Markt, die oft nur einfache Templates als Vorlage installiert haben.\t\t\t\t\t\t\t\t<\/div>\n\t\t\t\t<\/div>\n\t\t<div class=\"elementor-element elementor-element-a0e5433 e-con-full e-flex e-con e-child\" data-id=\"a0e5433\" data-element_type=\"container\" data-e-type=\"container\" data-settings=\"{&quot;background_background&quot;:&quot;classic&quot;}\">\n\t\t\t\t<\/div>\n\t\t\t\t<\/div>\n\t\t\t\t<\/div>\n\t\t<div class=\"elementor-element elementor-element-8609453 e-con-full e-flex e-con e-parent\" data-id=\"8609453\" data-element_type=\"container\" data-e-type=\"container\">\n\t\t<div class=\"elementor-element elementor-element-cee3a86 e-con-full e-flex e-con e-child\" data-id=\"cee3a86\" data-element_type=\"container\" data-e-type=\"container\">\n\t\t<div class=\"elementor-element elementor-element-4362c41 e-con-full e-flex e-con e-child\" data-id=\"4362c41\" data-element_type=\"container\" data-e-type=\"container\">\n\t\t\t\t<div class=\"elementor-element elementor-element-2f21694 elementor-widget elementor-widget-heading\" data-id=\"2f21694\" data-element_type=\"widget\" data-e-type=\"widget\" data-widget_type=\"heading.default\">\n\t\t\t\t\t<h5 class=\"elementor-heading-title elementor-size-default\">LOOK<\/h5>\t\t\t\t<\/div>\n\t\t\t\t<div class=\"elementor-element elementor-element-39f226a elementor-widget__width-inherit elementor-widget elementor-widget-heading\" data-id=\"39f226a\" data-element_type=\"widget\" data-e-type=\"widget\" data-widget_type=\"heading.default\">\n\t\t\t\t\t<h2 class=\"elementor-heading-title elementor-size-default\">Grafikdesign<\/h2>\t\t\t\t<\/div>\n\t\t\t\t<div class=\"elementor-element elementor-element-1f2b5c1 elementor-widget__width-initial elementor-widget elementor-widget-text-editor\" data-id=\"1f2b5c1\" data-element_type=\"widget\" data-e-type=\"widget\" data-widget_type=\"text-editor.default\">\n\t\t\t\t\t\t\t\t\tWie es hei\u00dft, ein Bild sagt mehr als tausend Worte. Dieses Sprichwort sollte sich auch jeder, der etwas anzubieten hat, zu Herzen nehmen. Denn es ist einiges an Wahrheit darin enthalten.\t\t\t\t\t\t\t\t<\/div>\n\t\t\t\t<\/div>\n\t\t<div class=\"elementor-element elementor-element-74eb037 e-con-full e-flex e-con e-child\" data-id=\"74eb037\" data-element_type=\"container\" data-e-type=\"container\" data-settings=\"{&quot;background_background&quot;:&quot;classic&quot;}\">\n\t\t\t\t<\/div>\n\t\t\t\t<\/div>\n\t\t\t\t<\/div>\n\t\t\t\t<\/div>\n\t\t","protected":false},"excerpt":{"rendered":"<p>Design Wir machen Marken sichtbar Erstgespr\u00e4ch buchen Ein starkes Design macht Marken unverwechselbar. Vom Logo bis zum Webauftritt erschaffen wir visuelle Konzepte, die Pers\u00f6nlichkeit zeigen und bleibenden Eindruck hinterlassen. LOOK Logodesign Ein Unternehmen ohne Logo, kann man sich heutzutage nicht mehr vorstellen. Jedes Unternehmen muss sich schon bei der Gr\u00fcndung damit besch\u00e4ftigen, wie es auf [&hellip;]<\/p>\n","protected":false},"author":2,"featured_media":0,"parent":0,"menu_order":0,"comment_status":"closed","ping_status":"closed","template":"elementor_header_footer","meta":{"_angie_page":false,"footnotes":""},"class_list":["post-245999","page","type-page","status-publish","hentry"],"_links":{"self":[{"href":"https:\/\/sundsits.com\/en\/wp-json\/wp\/v2\/pages\/245999","targetHints":{"allow":["GET"]}}],"collection":[{"href":"https:\/\/sundsits.com\/en\/wp-json\/wp\/v2\/pages"}],"about":[{"href":"https:\/\/sundsits.com\/en\/wp-json\/wp\/v2\/types\/page"}],"author":[{"embeddable":true,"href":"https:\/\/sundsits.com\/en\/wp-json\/wp\/v2\/users\/2"}],"replies":[{"embeddable":true,"href":"https:\/\/sundsits.com\/en\/wp-json\/wp\/v2\/comments?post=245999"}],"version-history":[{"count":3,"href":"https:\/\/sundsits.com\/en\/wp-json\/wp\/v2\/pages\/245999\/revisions"}],"predecessor-version":[{"id":301125,"href":"https:\/\/sundsits.com\/en\/wp-json\/wp\/v2\/pages\/245999\/revisions\/301125"}],"wp:attachment":[{"href":"https:\/\/sundsits.com\/en\/wp-json\/wp\/v2\/media?parent=245999"}],"curies":[{"name":"wp","href":"https:\/\/api.w.org\/{rel}","templated":true}]}}