{"id":239654,"date":"2019-05-16T16:37:10","date_gmt":"2019-05-16T14:37:10","guid":{"rendered":"http:\/\/sunds.pandavisuals.de\/?page_id=239654"},"modified":"2026-03-27T15:27:46","modified_gmt":"2026-03-27T14:27:46","slug":"inside-sunds-its","status":"publish","type":"page","link":"https:\/\/sundsits.com\/en\/unternehmen\/inside-sunds-its\/","title":{"rendered":"Inside SundS ITS"},"content":{"rendered":"\t\t<div data-elementor-type=\"wp-page\" data-elementor-id=\"239654\" class=\"elementor elementor-239654\" data-elementor-post-type=\"page\">\n\t\t\t\t<div class=\"elementor-element elementor-element-61da5f8 e-con-full animated-fast e-flex elementor-invisible e-con e-parent\" data-id=\"61da5f8\" data-element_type=\"container\" data-e-type=\"container\" data-settings=\"{&quot;animation&quot;:&quot;slideInUp&quot;,&quot;animation_delay&quot;:2}\">\n\t\t<div class=\"elementor-element elementor-element-44ff2c8 e-con-full e-flex e-con e-child\" data-id=\"44ff2c8\" data-element_type=\"container\" data-e-type=\"container\">\n\t\t<div class=\"elementor-element elementor-element-545c5f2 e-con-full e-flex e-con e-child\" data-id=\"545c5f2\" data-element_type=\"container\" data-e-type=\"container\">\n\t\t<div class=\"elementor-element elementor-element-4c5d025 e-con-full e-flex e-con e-child\" data-id=\"4c5d025\" data-element_type=\"container\" data-e-type=\"container\">\n\t\t\t\t<div class=\"elementor-element elementor-element-a15fa09 elementor-widget elementor-widget-heading\" data-id=\"a15fa09\" data-element_type=\"widget\" data-e-type=\"widget\" data-widget_type=\"heading.default\">\n\t\t\t\t\t<h5 class=\"elementor-heading-title elementor-size-default\">COMPANY<\/h5>\t\t\t\t<\/div>\n\t\t\t\t<div class=\"elementor-element elementor-element-700ca1c elementor-widget__width-initial elementor-widget elementor-widget-heading\" data-id=\"700ca1c\" data-element_type=\"widget\" data-e-type=\"widget\" data-widget_type=\"heading.default\">\n\t\t\t\t\t<h1 class=\"elementor-heading-title elementor-size-default\">Inside SundS ITS<\/h1>\t\t\t\t<\/div>\n\t\t\t\t<\/div>\n\t\t\t\t<\/div>\n\t\t\t\t<\/div>\n\t\t\t\t<\/div>\n\t\t<div class=\"elementor-element elementor-element-e04315a e-con-full animated-slow e-flex elementor-invisible e-con e-child\" data-id=\"e04315a\" data-element_type=\"container\" data-e-type=\"container\" data-settings=\"{&quot;animation&quot;:&quot;fadeInUp&quot;}\">\n\t\t<div class=\"elementor-element elementor-element-48b88b4 e-con-full e-flex e-con e-child\" data-id=\"48b88b4\" data-element_type=\"container\" data-e-type=\"container\">\n\t\t\t\t<div class=\"elementor-element elementor-element-e2b964e elementor-widget__width-initial elementor-widget elementor-widget-heading\" data-id=\"e2b964e\" data-element_type=\"widget\" data-e-type=\"widget\" data-widget_type=\"heading.default\">\n\t\t\t\t\t<h2 class=\"elementor-heading-title elementor-size-default\">Du m\u00f6chtest wissen wie unser Tagesgesch\u00e4ft abl\u00e4uft? Wo die Schnittstellen sind? Wie wir dir und unseren Kunden weiterhelfen deine Probleme zu l\u00f6sen? Kein Problem, wir haben es f\u00fcr dich zusammengefasst!<\/h2>\t\t\t\t<\/div>\n\t\t\t\t<\/div>\n\t\t\t\t<\/div>\n\t\t<div class=\"elementor-element elementor-element-ed0ecc4 e-con-full e-flex e-con e-parent\" data-id=\"ed0ecc4\" data-element_type=\"container\" data-e-type=\"container\">\n\t\t<div class=\"elementor-element elementor-element-4ae7aea e-con-full e-flex e-con e-child\" data-id=\"4ae7aea\" data-element_type=\"container\" data-e-type=\"container\">\n\t\t<div class=\"elementor-element elementor-element-5fff03d e-con-full e-flex e-con e-child\" data-id=\"5fff03d\" data-element_type=\"container\" data-e-type=\"container\">\n\t\t<div class=\"elementor-element elementor-element-83c8172 e-con-full e-flex elementor-invisible e-con e-child\" data-id=\"83c8172\" data-element_type=\"container\" data-e-type=\"container\" data-settings=\"{&quot;background_background&quot;:&quot;classic&quot;,&quot;animation&quot;:&quot;fadeInUp&quot;}\">\n\t\t\t\t<div class=\"elementor-element elementor-element-28c9a2c elementor-widget__width-initial elementor-widget elementor-widget-heading\" data-id=\"28c9a2c\" data-element_type=\"widget\" data-e-type=\"widget\" data-widget_type=\"heading.default\">\n\t\t\t\t\t<h2 class=\"elementor-heading-title elementor-size-default\">Dein Partner f\u00fcr On- und Offline-Handel<\/h2>\t\t\t\t<\/div>\n\t\t\t\t<div class=\"elementor-element elementor-element-9995887 elementor-widget__width-initial elementor-widget elementor-widget-text-editor\" data-id=\"9995887\" data-element_type=\"widget\" data-e-type=\"widget\" data-widget_type=\"text-editor.default\">\n\t\t\t\t\t\t\t\t\tSundS ITS bietet IT- und Webl\u00f6sungen sowie pers\u00f6nlichen Support \u2013 egal, ob du einen kleinen Online- oder Offline-Shop betreibst oder eine Handelskette mit gro\u00dfem Lager f\u00fchrst.\nWir richten uns ganz nach deinem Bedarf und deiner individuellen Situation.\n\nWir arbeiten in Partnerschaft mit f\u00fchrenden Anbietern im Online- und Offline-Handel zusammen \u2013 darunter plentymarkets, JTL, Epson und Datalogic \u2013, um dir sowohl im Bereich Software als auch Hardware stets die bestm\u00f6gliche L\u00f6sung zu bieten.\n\nDamit wir immer auf dem neuesten Stand der Technik bleiben, werden unsere zertifizierten Mitarbeiter regelm\u00e4\u00dfig weitergebildet.\t\t\t\t\t\t\t\t<\/div>\n\t\t\t\t<\/div>\n\t\t<div class=\"elementor-element elementor-element-e48ba6d e-con-full e-flex elementor-invisible e-con e-child\" data-id=\"e48ba6d\" data-element_type=\"container\" data-e-type=\"container\" data-settings=\"{&quot;animation&quot;:&quot;fadeInUp&quot;,&quot;animation_delay&quot;:100}\">\n\t\t\t\t<div class=\"elementor-element elementor-element-bf798f0 elementor-widget elementor-widget-image\" data-id=\"bf798f0\" data-element_type=\"widget\" data-e-type=\"widget\" data-widget_type=\"image.default\">\n\t\t\t\t\t\t\t\t\t\t\t\t\t\t\t<img fetchpriority=\"high\" decoding=\"async\" width=\"1024\" height=\"682\" src=\"https:\/\/sundsits.com\/wp-content\/uploads\/2026\/02\/sundsits-team-03-1024x682.jpg\" class=\"attachment-large size-large wp-image-295040\" alt=\"SundS ITS \u2013 Agentur f\u00fcr ERP-Systeme, POS-Kassensysteme und E-Commerce-L\u00f6sungen\" srcset=\"https:\/\/sundsits.com\/wp-content\/uploads\/2026\/02\/sundsits-team-03-1024x682.jpg 1024w, https:\/\/sundsits.com\/wp-content\/uploads\/2026\/02\/sundsits-team-03-300x200.jpg 300w, https:\/\/sundsits.com\/wp-content\/uploads\/2026\/02\/sundsits-team-03-768x512.jpg 768w, https:\/\/sundsits.com\/wp-content\/uploads\/2026\/02\/sundsits-team-03-1536x1024.jpg 1536w, https:\/\/sundsits.com\/wp-content\/uploads\/2026\/02\/sundsits-team-03-360x240.jpg 360w, https:\/\/sundsits.com\/wp-content\/uploads\/2026\/02\/sundsits-team-03-990x660.jpg 990w, https:\/\/sundsits.com\/wp-content\/uploads\/2026\/02\/sundsits-team-03-441x294.jpg 441w, https:\/\/sundsits.com\/wp-content\/uploads\/2026\/02\/sundsits-team-03-400x267.jpg 400w, https:\/\/sundsits.com\/wp-content\/uploads\/2026\/02\/sundsits-team-03-150x100.jpg 150w, https:\/\/sundsits.com\/wp-content\/uploads\/2026\/02\/sundsits-team-03.jpg 2000w\" sizes=\"(max-width: 1024px) 100vw, 1024px\" title=\"\">\t\t\t\t\t\t\t\t\t\t\t\t\t\t\t<\/div>\n\t\t\t\t<\/div>\n\t\t\t\t<\/div>\n\t\t\t\t<\/div>\n\t\t\t\t<\/div>\n\t\t<div class=\"elementor-element elementor-element-cd01b0d e-con-full animated-slow e-flex elementor-invisible e-con e-parent\" data-id=\"cd01b0d\" data-element_type=\"container\" data-e-type=\"container\" data-settings=\"{&quot;animation&quot;:&quot;fadeIn&quot;}\">\n\t\t<div class=\"elementor-element elementor-element-a3d7c24 e-con-full e-flex e-con e-child\" data-id=\"a3d7c24\" data-element_type=\"container\" data-e-type=\"container\">\n\t\t<div class=\"elementor-element elementor-element-4aac792 e-con-full e-flex e-con e-child\" data-id=\"4aac792\" data-element_type=\"container\" data-e-type=\"container\">\n\t\t<div class=\"elementor-element elementor-element-ebfa7b8 e-con-full e-flex elementor-invisible e-con e-child\" data-id=\"ebfa7b8\" data-element_type=\"container\" data-e-type=\"container\" data-settings=\"{&quot;animation&quot;:&quot;fadeInUp&quot;,&quot;animation_delay&quot;:100}\">\n\t\t\t\t<\/div>\n\t\t<div class=\"elementor-element elementor-element-a0e25a0 e-con-full e-flex elementor-invisible e-con e-child\" data-id=\"a0e25a0\" data-element_type=\"container\" data-e-type=\"container\" data-settings=\"{&quot;background_background&quot;:&quot;classic&quot;,&quot;animation&quot;:&quot;fadeInUp&quot;}\">\n\t\t\t\t<div class=\"elementor-element elementor-element-d23d117 elementor-widget__width-initial elementor-widget elementor-widget-heading\" data-id=\"d23d117\" data-element_type=\"widget\" data-e-type=\"widget\" data-widget_type=\"heading.default\">\n\t\t\t\t\t<h2 class=\"elementor-heading-title elementor-size-default\">Individuelle IT- und Webl\u00f6sungen<\/h2>\t\t\t\t<\/div>\n\t\t\t\t<div class=\"elementor-element elementor-element-80682d3 elementor-widget__width-initial elementor-widget elementor-widget-text-editor\" data-id=\"80682d3\" data-element_type=\"widget\" data-e-type=\"widget\" data-widget_type=\"text-editor.default\">\n\t\t\t\t\t\t\t\t\tGemeinsam mit dir finden wir individuelle und nachhaltige L\u00f6sungen f\u00fcr deine Anforderungen im IT- und Webbereich. Von der Erstellung deiner Website \u00fcber Webanalysen und Suchmaschinenoptimierung bis hin zu ma\u00dfgeschneiderten Onlineshop-Systemen mit Warenwirtschaft, Lagerverwaltung und Kassensystem:\nUnser professionelles Team entwickelt in enger Abstimmung mit dir das perfekte System, damit du erfolgreich durchstarten kannst!\n\nAuch f\u00fcr dein B\u00fcro und deine Kommunikation bieten wir passende Hardwarel\u00f6sungen an. In Kombination mit einer CRM-Software kannst du deine interne und externe Kommunikation effizient und professionell gestalten.\n\nDu hast Fragen zu einer Software, deinem Kassensystem, stehst vor einer Herausforderung oder brauchst jemanden, der administrative Aufgaben f\u00fcr dich \u00fcbernimmt? Dann ist unser einzigartiger Helpdesk genau das Richtige f\u00fcr dich!\nDurch unseren engagierten Support erh\u00e4ltst du die Unterst\u00fctzung, die du brauchst.\t\t\t\t\t\t\t\t<\/div>\n\t\t\t\t<\/div>\n\t\t\t\t<\/div>\n\t\t\t\t<\/div>\n\t\t\t\t<\/div>\n\t\t<div class=\"elementor-element elementor-element-4c7dc54 e-con-full e-flex e-con e-parent\" data-id=\"4c7dc54\" data-element_type=\"container\" data-e-type=\"container\">\n\t\t<div class=\"elementor-element elementor-element-0ec9f24 e-con-full e-flex e-con e-child\" data-id=\"0ec9f24\" data-element_type=\"container\" data-e-type=\"container\">\n\t\t<div class=\"elementor-element elementor-element-c1e0140 e-con-full e-flex e-con e-child\" data-id=\"c1e0140\" data-element_type=\"container\" data-e-type=\"container\">\n\t\t<div class=\"elementor-element elementor-element-b1551c0 e-con-full e-flex elementor-invisible e-con e-child\" data-id=\"b1551c0\" data-element_type=\"container\" data-e-type=\"container\" data-settings=\"{&quot;background_background&quot;:&quot;classic&quot;,&quot;animation&quot;:&quot;fadeInUp&quot;}\">\n\t\t\t\t<div class=\"elementor-element elementor-element-6cf0208 elementor-widget__width-initial elementor-widget elementor-widget-heading\" data-id=\"6cf0208\" data-element_type=\"widget\" data-e-type=\"widget\" data-widget_type=\"heading.default\">\n\t\t\t\t\t<h2 class=\"elementor-heading-title elementor-size-default\">IT-Training und Datenschutzberatung<\/h2>\t\t\t\t<\/div>\n\t\t\t\t<div class=\"elementor-element elementor-element-bd68b45 elementor-widget__width-initial elementor-widget elementor-widget-text-editor\" data-id=\"bd68b45\" data-element_type=\"widget\" data-e-type=\"widget\" data-widget_type=\"text-editor.default\">\n\t\t\t\t\t\t\t\t\tSelbstverst\u00e4ndlich bieten wir f\u00fcr die unterschiedlichste Soft- und Hardware passende Schulungen an. Ob bei dir, telefonisch, online oder bei uns vor Ort \u2013 wir zeigen dir, wie du die Systeme optimal in deinen Arbeitsalltag integrierst.\n\nUnsere neueste Dienstleistung ist die DSGVO-Beratung, damit du auch im Umgang mit personenbezogenen Daten professionell unterst\u00fctzt wirst.\n\nWir beraten dich gerne.\t\t\t\t\t\t\t\t<\/div>\n\t\t\t\t<\/div>\n\t\t<div class=\"elementor-element elementor-element-ca959ef e-con-full e-flex elementor-invisible e-con e-child\" data-id=\"ca959ef\" data-element_type=\"container\" data-e-type=\"container\" data-settings=\"{&quot;animation&quot;:&quot;fadeInUp&quot;,&quot;animation_delay&quot;:100}\">\n\t\t\t\t<div class=\"elementor-element elementor-element-f40f043 elementor-widget elementor-widget-image\" data-id=\"f40f043\" data-element_type=\"widget\" data-e-type=\"widget\" data-widget_type=\"image.default\">\n\t\t\t\t\t\t\t\t\t\t\t\t\t\t\t<img decoding=\"async\" width=\"1024\" height=\"682\" src=\"https:\/\/sundsits.com\/wp-content\/uploads\/2026\/03\/strukturierte-it-projektplanung-sunds-its-1024x682.jpg\" class=\"attachment-large size-large wp-image-299127\" alt=\"Strukturierte Projektplanung f\u00fcr ERP-, POS- und E-Commerce-Systeme durch SundS ITS\" srcset=\"https:\/\/sundsits.com\/wp-content\/uploads\/2026\/03\/strukturierte-it-projektplanung-sunds-its-1024x682.jpg 1024w, https:\/\/sundsits.com\/wp-content\/uploads\/2026\/03\/strukturierte-it-projektplanung-sunds-its-300x200.jpg 300w, https:\/\/sundsits.com\/wp-content\/uploads\/2026\/03\/strukturierte-it-projektplanung-sunds-its-768x512.jpg 768w, https:\/\/sundsits.com\/wp-content\/uploads\/2026\/03\/strukturierte-it-projektplanung-sunds-its-1536x1024.jpg 1536w, https:\/\/sundsits.com\/wp-content\/uploads\/2026\/03\/strukturierte-it-projektplanung-sunds-its-360x240.jpg 360w, https:\/\/sundsits.com\/wp-content\/uploads\/2026\/03\/strukturierte-it-projektplanung-sunds-its-990x660.jpg 990w, https:\/\/sundsits.com\/wp-content\/uploads\/2026\/03\/strukturierte-it-projektplanung-sunds-its-441x294.jpg 441w, https:\/\/sundsits.com\/wp-content\/uploads\/2026\/03\/strukturierte-it-projektplanung-sunds-its-400x267.jpg 400w, https:\/\/sundsits.com\/wp-content\/uploads\/2026\/03\/strukturierte-it-projektplanung-sunds-its-150x100.jpg 150w, https:\/\/sundsits.com\/wp-content\/uploads\/2026\/03\/strukturierte-it-projektplanung-sunds-its.jpg 2000w\" sizes=\"(max-width: 1024px) 100vw, 1024px\" title=\"\">\t\t\t\t\t\t\t\t\t\t\t\t\t\t\t<\/div>\n\t\t\t\t<\/div>\n\t\t\t\t<\/div>\n\t\t\t\t<\/div>\n\t\t\t\t<\/div>\n\t\t\t\t<\/div>\n\t\t","protected":false},"excerpt":{"rendered":"<p>COMPANY Inside SundS ITS Du m\u00f6chtest wissen wie unser Tagesgesch\u00e4ft abl\u00e4uft? Wo die Schnittstellen sind? Wie wir dir und unseren Kunden weiterhelfen deine Probleme zu l\u00f6sen? Kein Problem, wir haben es f\u00fcr dich zusammengefasst! Dein Partner f\u00fcr On- und Offline-Handel SundS ITS bietet IT- und Webl\u00f6sungen sowie pers\u00f6nlichen Support \u2013 egal, ob du einen kleinen [&hellip;]<\/p>\n","protected":false},"author":3,"featured_media":0,"parent":239652,"menu_order":0,"comment_status":"closed","ping_status":"closed","template":"elementor_header_footer","meta":{"_angie_page":false,"footnotes":""},"class_list":["post-239654","page","type-page","status-publish","hentry"],"_links":{"self":[{"href":"https:\/\/sundsits.com\/en\/wp-json\/wp\/v2\/pages\/239654","targetHints":{"allow":["GET"]}}],"collection":[{"href":"https:\/\/sundsits.com\/en\/wp-json\/wp\/v2\/pages"}],"about":[{"href":"https:\/\/sundsits.com\/en\/wp-json\/wp\/v2\/types\/page"}],"author":[{"embeddable":true,"href":"https:\/\/sundsits.com\/en\/wp-json\/wp\/v2\/users\/3"}],"replies":[{"embeddable":true,"href":"https:\/\/sundsits.com\/en\/wp-json\/wp\/v2\/comments?post=239654"}],"version-history":[{"count":0,"href":"https:\/\/sundsits.com\/en\/wp-json\/wp\/v2\/pages\/239654\/revisions"}],"up":[{"embeddable":true,"href":"https:\/\/sundsits.com\/en\/wp-json\/wp\/v2\/pages\/239652"}],"wp:attachment":[{"href":"https:\/\/sundsits.com\/en\/wp-json\/wp\/v2\/media?parent=239654"}],"curies":[{"name":"wp","href":"https:\/\/api.w.org\/{rel}","templated":true}]}}